{"id":1313,"date":"2018-11-04T12:13:00","date_gmt":"2018-11-04T12:13:00","guid":{"rendered":"https:\/\/stranijezici.ffzg.unizg.hr\/?page_id=1313"},"modified":"2018-11-24T14:33:22","modified_gmt":"2018-11-24T14:33:22","slug":"vol9n4","status":"publish","type":"page","link":"https:\/\/stranijezici.ffzg.unizg.hr\/index.php\/vol9n4\/","title":{"rendered":"Vol 9. (4)"},"content":{"rendered":"<ul style=\"list-style-type:none\">\n<li>\n<h3>Uvodna rije\u010d<\/h3>\n<\/li>\n<li><a href=\"https:\/\/stranijezici.ffzg.unizg.hr\/wp-content\/uploads\/2018\/11\/SJ_9_4_0.pdf\" target=\"_blank\"><strong><\/strong><\/a> (str. 289)<\/li>\n<ul style=\"list-style-type:none\">\n    <\/ul>\n<\/li>\n<p>  &nbsp;<\/p>\n<li>\n<h2>Lingvistika<\/h2>\n<\/li>\n<li><a href=\"https:\/\/stranijezici.ffzg.unizg.hr\/wp-content\/uploads\/2018\/11\/SJ_9_4_1.pdf\" target=\"_blank\"><strong>TVORBA RIJE\u010cI U NA\u0160IM SUVREMENIM UD\u017dBENICIMA TALIJANSKOG JEZIKA<\/strong><\/a> (str. 290)<\/li>\n<ul style=\"list-style-type:none\">\n<li>&emsp;&emsp; Pavao Tekav\u010di\u0107<\/li>\n<li>&emsp;&emsp; <\/li>\n<\/ul>\n<\/li>\n<p>  &nbsp;<\/p>\n<li><a href=\"https:\/\/stranijezici.ffzg.unizg.hr\/wp-content\/uploads\/2018\/11\/SJ_9_4_2.pdf\" target=\"_blank\"><strong>MO\u017dEMO LI GOVORITI O NEPOSTOJANOM I U RUSKOM JEZIKU<\/strong><\/a> (str. 303)<\/li>\n<ul style=\"list-style-type:none\">\n<li>&emsp;&emsp; Milenko Popovi\u0107<\/li>\n<li>&emsp;&emsp; <\/li>\n<\/ul>\n<\/li>\n<p>  &nbsp;<\/p>\n<li><a href=\"https:\/\/stranijezici.ffzg.unizg.hr\/wp-content\/uploads\/2018\/11\/SJ_9_4_3.pdf\" target=\"_blank\"><strong>PRINCIPI IZRADE STRU\u010cNOG RE\u010cNIKA NA PRIMERU ENGLESKO-SRPSKOHRVATSKOG RE\u010cNIKA IZ OBLASTI DRUMSKOG SAOBRA\u0106AJA<\/strong><\/a> (str. 308)<\/li>\n<ul style=\"list-style-type:none\">\n<li>&emsp;&emsp; Ana Fi\u0161er-Popovi\u0107<\/li>\n<li>&emsp;&emsp; <\/li>\n<\/ul>\n<\/li>\n<p>  &nbsp;<\/p>\n<li>\n<h3>Metodika<\/h3>\n<\/li>\n<li><a href=\"https:\/\/stranijezici.ffzg.unizg.hr\/wp-content\/uploads\/2018\/11\/SJ_9_4_4.pdf\" target=\"_blank\"><strong>THE COMMUNICATIVE APPROACH &#8211; A QUESTION OF MATERIALS OR ATTITTUDES<\/strong><\/a> (str. 316)<\/li>\n<ul style=\"list-style-type:none\">\n<li>&emsp;&emsp; Tom Hutchinson, Mira Klepa\u010d<\/li>\n<li>&emsp;&emsp; <\/li>\n<\/ul>\n<\/li>\n<p>  &nbsp;<\/p>\n<li><a href=\"https:\/\/stranijezici.ffzg.unizg.hr\/wp-content\/uploads\/2018\/11\/SJ_9_4_5.pdf\" target=\"_blank\"><strong>ANALIZA UPITNIKA O NASTAVI STRANIH JEZIKA I RADNIM MATERIJALIMA U USMJERENOM OBRAZOVANJU U SR HRVATSKOJ<\/strong><\/a> (str. 323)<\/li>\n<ul style=\"list-style-type:none\">\n<li>&emsp;&emsp; Mirjana Jur\u010di\u0107<\/li>\n<li>&emsp;&emsp; <\/li>\n<\/ul>\n<\/li>\n<p>  &nbsp;<\/p>\n<li><a href=\"https:\/\/stranijezici.ffzg.unizg.hr\/wp-content\/uploads\/2018\/11\/SJ_9_4_6.pdf\" target=\"_blank\"><strong>L&#8217;ENSEIGNEMENT DE LA GRAMMAIRE<\/strong><\/a> (str. 328)<\/li>\n<ul style=\"list-style-type:none\">\n<li>&emsp;&emsp; Daniel de Rudder<\/li>\n<li>&emsp;&emsp; <\/li>\n<\/ul>\n<\/li>\n<p>  &nbsp;<\/p>\n<li>\n<h3>Na\u0161a iskustva<\/h3>\n<\/li>\n<li><a href=\"https:\/\/stranijezici.ffzg.unizg.hr\/wp-content\/uploads\/2018\/11\/SJ_9_4_7.pdf\" target=\"_blank\"><strong>NEKA ISKUSTVA S PERMANENTNIM OBRAZOVANJEM NASTAVNIKA<\/strong><\/a> (str. 332)<\/li>\n<ul style=\"list-style-type:none\">\n<li>&emsp;&emsp; Davorka Celmi\u0107<\/li>\n<li>&emsp;&emsp; <\/li>\n<\/ul>\n<\/li>\n<p>  &nbsp;<\/p>\n<li><a href=\"https:\/\/stranijezici.ffzg.unizg.hr\/wp-content\/uploads\/2018\/11\/SJ_9_4_8.pdf\" target=\"_blank\"><strong>IZ RADA NASTAVNOG CENTRA ZA USAVR\u0160AVANJE NASTAVNIKA I PROFESORA ENGLESKOG JEZIKA<\/strong><\/a> (str. 334)<\/li>\n<ul style=\"list-style-type:none\">\n<li>&emsp;&emsp; Ljiljana Mati\u0107<\/li>\n<li>&emsp;&emsp; <\/li>\n<\/ul>\n<\/li>\n<p>  &nbsp;<\/p>\n<li><a href=\"https:\/\/stranijezici.ffzg.unizg.hr\/wp-content\/uploads\/2018\/11\/SJ_9_4_9.pdf\" target=\"_blank\"><strong>O UPOTREBI PRO\u0160LIH VREMENA U FRANCUSKOM JEZIKU<\/strong><\/a> (str. 339)<\/li>\n<ul style=\"list-style-type:none\">\n<li>&emsp;&emsp; Yvonne Vrhovac<\/li>\n<li>&emsp;&emsp; <\/li>\n<\/ul>\n<\/li>\n<p>  &nbsp;<\/p>\n<li><a href=\"https:\/\/stranijezici.ffzg.unizg.hr\/wp-content\/uploads\/2018\/11\/SJ_9_4_10.pdf\" target=\"_blank\"><strong>POGODBENE RE\u010cENICE U NASTAVI NJEMA\u010cKOG JEZIKA<\/strong><\/a> (str. 342)<\/li>\n<ul style=\"list-style-type:none\">\n<li>&emsp;&emsp; Mira Kruhan<\/li>\n<li>&emsp;&emsp; <\/li>\n<\/ul>\n<\/li>\n<p>  &nbsp;<\/p>\n<li>\n<h3>Diskusija<\/h3>\n<\/li>\n<li><a href=\"https:\/\/stranijezici.ffzg.unizg.hr\/wp-content\/uploads\/2018\/11\/SJ_9_4_11.pdf\" target=\"_blank\"><strong>RACIONALNA I EMOCIONALNA MOTIVACIJA ODRASLIH U U\u010cENJU STRANIH JEZIKA<\/strong><\/a> (str. 346)<\/li>\n<ul style=\"list-style-type:none\">\n<li>&emsp;&emsp; Olga \u0160kari\u0107<\/li>\n<li>&emsp;&emsp; <\/li>\n<\/ul>\n<\/li>\n<p>  &nbsp;<\/p>\n<li>\n<h3>PRIKAZI KNJIGA<\/h3>\n<\/li>\n<li><a href=\"https:\/\/stranijezici.ffzg.unizg.hr\/wp-content\/uploads\/2018\/11\/SJ_9_4_12.pdf\" target=\"_blank\"><strong>RENZO TITONE, PSICODIDATTICA<\/strong><\/a> (str. 353)<\/li>\n<ul style=\"list-style-type:none\">\n<li>&emsp;&emsp; Nives Sironi\u0107-Bonefa\u010di\u0107<\/li>\n<li>&emsp;&emsp; <\/li>\n<\/ul>\n<\/li>\n<p>  &nbsp;<\/p>\n<li><a href=\"https:\/\/stranijezici.ffzg.unizg.hr\/wp-content\/uploads\/2018\/11\/SJ_9_4_13.pdf\" target=\"_blank\"><strong>B. SAVI\u0106 &#8211; G. POPOVI\u0106, FRANCUSKI JEZIK ZA III. R. USMERENOG OBRAZOVANJA (OP\u0160TI DEO)<\/strong><\/a> (str. 355)<\/li>\n<ul style=\"list-style-type:none\">\n<li>&emsp;&emsp; Anu\u0161ka Naki\u0107<\/li>\n<li>&emsp;&emsp; <\/li>\n<\/ul>\n<\/li>\n<p>  &nbsp;<\/p>\n<li><a href=\"https:\/\/stranijezici.ffzg.unizg.hr\/wp-content\/uploads\/2018\/11\/SJ_9_4_14.pdf\" target=\"_blank\"><strong>JEZI\u010cKE STUDIJE, SV. I, FILOZOFSKI FAKULTET, NOVI SAD<\/strong><\/a> (str. 357)<\/li>\n<ul style=\"list-style-type:none\">\n<li>&emsp;&emsp; Bo\u017eica Stan\u010di\u0107<\/li>\n<li>&emsp;&emsp; <\/li>\n<\/ul>\n<\/li>\n<p>  &nbsp;<\/p>\n<li><a href=\"https:\/\/stranijezici.ffzg.unizg.hr\/wp-content\/uploads\/2018\/11\/SJ_9_4_15.pdf\" target=\"_blank\"><strong>4000 \u041d\u0430\u0438\u0431\u043e\u043b\u0435\u0435 \u0443\u043fo\u0442pe\u0431\u0438\u0442\u0435\u043b\u044c\u043d\u044c\u0456\u0445 \u0441\u043b\u043e\u0432 \u0440\u0443\u0441\u0441\u043ao\u0433o \u044f\u0437\u044b\u043aa<\/strong><\/a> (str. 360)<\/li>\n<ul style=\"list-style-type:none\">\n<li>&emsp;&emsp; Vu\u010dina Rai\u010devi\u0107<\/li>\n<li>&emsp;&emsp; <\/li>\n<\/ul>\n<\/li>\n<p>  &nbsp;<\/p>\n<li>\n<h3>Kronika<\/h3>\n<\/li>\n<li><a href=\"https:\/\/stranijezici.ffzg.unizg.hr\/wp-content\/uploads\/2018\/11\/SJ_9_4_16.pdf\" target=\"_blank\"><strong>II ZNANSTVENI SKUP >>ANTIQUITAS AC TEMPORA NOSTRA<< <\/strong><\/a> (str. 362)<\/li>\n<ul style=\"list-style-type:none\">\n<li>&emsp;&emsp; Olja Peri\u0107<\/li>\n<li>&emsp;&emsp; <\/li>\n<\/ul>\n<\/li>\n<p>  &nbsp;<\/p>\n<li><a href=\"https:\/\/stranijezici.ffzg.unizg.hr\/wp-content\/uploads\/2018\/11\/SJ_9_4_17.pdf\" target=\"_blank\"><strong>SEMINAR ZA NASTAVNIKE TALIJANSKOG JEZIKA, PERUGIA<\/strong><\/a> (str. 363)<\/li>\n<ul style=\"list-style-type:none\">\n<li>&emsp;&emsp; Nives Sironi\u0107-Bonefa\u010di\u0107<\/li>\n<li>&emsp;&emsp; <\/li>\n<\/ul>\n<\/li>\n<p>  &nbsp;<\/p>\n<li><a href=\"https:\/\/stranijezici.ffzg.unizg.hr\/wp-content\/uploads\/2018\/11\/SJ_9_4_18.pdf\" target=\"_blank\"><strong>VI ME\u0110UNARODNO ZASJEDANJE NASTAVNIKA NJEMA\u010cKOG JEZIKA<\/strong><\/a> (str. 364)<\/li>\n<ul style=\"list-style-type:none\">\n<li>&emsp;&emsp; Ljerka Tomljenovi\u0107-Bi\u0161kupi\u0107<\/li>\n<li>&emsp;&emsp; <\/li>\n<\/ul>\n<\/li>\n<p>  &nbsp;<\/p>\n<li><a href=\"https:\/\/stranijezici.ffzg.unizg.hr\/wp-content\/uploads\/2018\/11\/SJ_9_4_19.pdf\" target=\"_blank\"><strong>KAKO TREBA PRIPREMITI RUKOPIS ZA TISAK<\/strong><\/a> (str. 366)<\/li>\n<ul style=\"list-style-type:none\">\n<li>&emsp;&emsp; <\/li>\n<li>&emsp;&emsp; <\/li>\n<\/ul>\n<\/li>\n<p>  &nbsp;\n<\/ul>\n","protected":false},"excerpt":{"rendered":"<p>Uvodna rije\u010d (str. 289) &nbsp; Lingvistika TVORBA RIJE\u010cI U NA\u0160IM SUVREMENIM UD\u017dBENICIMA TALIJANSKOG JEZIKA (str. 290) &emsp;&emsp; Pavao Tekav\u010di\u0107 &emsp;&emsp; &nbsp; MO\u017dEMO LI GOVORITI O NEPOSTOJANOM I U RUSKOM JEZIKU (str. 303) &emsp;&emsp; Milenko Popovi\u0107 &emsp;&emsp; &nbsp; PRINCIPI IZRADE STRU\u010cNOG RE\u010cNIKA NA PRIMERU ENGLESKO-SRPSKOHRVATSKOG RE\u010cNIKA IZ OBLASTI DRUMSKOG SAOBRA\u0106AJA (str. 308) &emsp;&emsp; Ana Fi\u0161er-Popovi\u0107 &emsp;&emsp; &hellip; <\/p>\n<p class=\"link-more\"><a href=\"https:\/\/stranijezici.ffzg.unizg.hr\/index.php\/vol9n4\/\" class=\"more-link\">Continue reading<span class=\"screen-reader-text\"> &#8220;Vol 9. (4)&#8221;<\/span><\/a><\/p>\n","protected":false},"author":2,"featured_media":0,"parent":0,"menu_order":0,"comment_status":"closed","ping_status":"closed","template":"","meta":{"ngg_post_thumbnail":0,"footnotes":""},"class_list":["post-1313","page","type-page","status-publish","hentry"],"_links":{"self":[{"href":"https:\/\/stranijezici.ffzg.unizg.hr\/index.php\/wp-json\/wp\/v2\/pages\/1313","targetHints":{"allow":["GET"]}}],"collection":[{"href":"https:\/\/stranijezici.ffzg.unizg.hr\/index.php\/wp-json\/wp\/v2\/pages"}],"about":[{"href":"https:\/\/stranijezici.ffzg.unizg.hr\/index.php\/wp-json\/wp\/v2\/types\/page"}],"author":[{"embeddable":true,"href":"https:\/\/stranijezici.ffzg.unizg.hr\/index.php\/wp-json\/wp\/v2\/users\/2"}],"replies":[{"embeddable":true,"href":"https:\/\/stranijezici.ffzg.unizg.hr\/index.php\/wp-json\/wp\/v2\/comments?post=1313"}],"version-history":[{"count":7,"href":"https:\/\/stranijezici.ffzg.unizg.hr\/index.php\/wp-json\/wp\/v2\/pages\/1313\/revisions"}],"predecessor-version":[{"id":1437,"href":"https:\/\/stranijezici.ffzg.unizg.hr\/index.php\/wp-json\/wp\/v2\/pages\/1313\/revisions\/1437"}],"wp:attachment":[{"href":"https:\/\/stranijezici.ffzg.unizg.hr\/index.php\/wp-json\/wp\/v2\/media?parent=1313"}],"curies":[{"name":"wp","href":"https:\/\/api.w.org\/{rel}","templated":true}]}}