{"id":1312,"date":"2018-11-04T12:07:55","date_gmt":"2018-11-04T12:07:55","guid":{"rendered":"https:\/\/stranijezici.ffzg.unizg.hr\/?page_id=1312"},"modified":"2018-11-24T14:32:09","modified_gmt":"2018-11-24T14:32:09","slug":"vol9n3","status":"publish","type":"page","link":"https:\/\/stranijezici.ffzg.unizg.hr\/index.php\/vol9n3\/","title":{"rendered":"Vol 9. (3)"},"content":{"rendered":"<ul style=\"list-style-type:none\">\n<li>\n<h3><a href=\"https:\/\/stranijezici.ffzg.unizg.hr\/wp-content\/uploads\/2018\/11\/SJ_9_3_0.pdf\" target=\"_blank\"><strong>RIJE\u010c UZ OVAJ BROJ<\/strong><\/a><\/h3>\n<p> (str. 189)<\/li>\n<ul style=\"list-style-type:none\">\n<li>&emsp;&emsp; <\/li>\n<li>&emsp;&emsp; <\/li>\n<\/ul>\n<\/li>\n<p>  &nbsp;<\/p>\n<li>\n<h3>Lingvistika<\/h3>\n<\/li>\n<li><a href=\"https:\/\/stranijezici.ffzg.unizg.hr\/wp-content\/uploads\/2018\/11\/SJ_9_3_1.pdf\" target=\"_blank\"><strong>GEOGRAFSKE RAZLIKE PRI UPOTREBI RIJE\u010cI U DANA\u0160NJEM NJEMA\u010cKOM JEZIKU<\/strong><\/a> (str. 190-203)<\/li>\n<ul style=\"list-style-type:none\">\n<li>&emsp;&emsp; J\u00fcrgen Eichhoff<\/li>\n<li>&emsp;&emsp; <\/li>\n<\/ul>\n<\/li>\n<p>  &nbsp;<\/p>\n<li><a href=\"https:\/\/stranijezici.ffzg.unizg.hr\/wp-content\/uploads\/2018\/11\/SJ_9_3_2.pdf\" target=\"_blank\"><strong>JEZIK U DRU\u0160TVENOM KONTEKSTU I ANALIZA DISKURSA<\/strong><\/a> (str. 204-213)<\/li>\n<ul style=\"list-style-type:none\">\n<li>&emsp;&emsp; Mirjana Bona\u010di\u0107<\/li>\n<li>&emsp;&emsp; <\/li>\n<\/ul>\n<\/li>\n<p>  &nbsp;<\/p>\n<li><a href=\"https:\/\/stranijezici.ffzg.unizg.hr\/wp-content\/uploads\/2018\/11\/SJ_9_3_3.pdf\" target=\"_blank\"><strong>REFLEKSI PREVODILA\u010cKE TRANSFORMACIJE U NASTAVI NEMA\u010cKOG JEZIKA<\/strong><\/a> (str. 214-219)<\/li>\n<ul style=\"list-style-type:none\">\n<li>&emsp;&emsp; Nikola Kremzer<\/li>\n<li>&emsp;&emsp; <\/li>\n<\/ul>\n<\/li>\n<p>  &nbsp;<\/p>\n<li><a href=\"https:\/\/stranijezici.ffzg.unizg.hr\/wp-content\/uploads\/2018\/11\/SJ_9_3_4.pdf\" target=\"_blank\"><strong>REFORMA PRAVOPISA GRAMATI\u010cKE ILI PRAVOPISNE TOLERANCIJE U FRANCUSKOM JEZIKU<\/strong><\/a> (str. 219-222)<\/li>\n<ul style=\"list-style-type:none\">\n<li>&emsp;&emsp; Vera Rogli\u0107<\/li>\n<li>&emsp;&emsp; <\/li>\n<\/ul>\n<\/li>\n<p>  &nbsp;<\/p>\n<li>\n<h3>Metodika<\/h3>\n<\/li>\n<li><a href=\"https:\/\/stranijezici.ffzg.unizg.hr\/wp-content\/uploads\/2018\/11\/SJ_9_3_5.pdf\" target=\"_blank\"><strong>KREATIVNOST JEZIKA, KREATIVNA NASTAVA JEZIKA I MOTIVACIJA<\/strong><\/a> (str. 223-228)<\/li>\n<ul style=\"list-style-type:none\">\n<li>&emsp;&emsp; Aleksandar Kolka<\/li>\n<li>&emsp;&emsp; <\/li>\n<\/ul>\n<\/li>\n<p>  &nbsp;<\/p>\n<li><a href=\"https:\/\/stranijezici.ffzg.unizg.hr\/wp-content\/uploads\/2018\/11\/SJ_9_3_6.pdf\" target=\"_blank\"><strong>EKSPERIMENTALNI RAD NA USVAJANJU NJEMA\u010cKOG JEZIKA U RANOJ DOBI<\/strong><\/a> (str. 228-233)<\/li>\n<ul style=\"list-style-type:none\">\n<li>&emsp;&emsp; Ljerka Tomljenovi\u0107-Bi\u0161kupi\u0107<\/li>\n<li>&emsp;&emsp; <\/li>\n<\/ul>\n<\/li>\n<p>  &nbsp;<\/p>\n<li><a href=\"https:\/\/stranijezici.ffzg.unizg.hr\/wp-content\/uploads\/2018\/11\/SJ_9_3_7.pdf\" target=\"_blank\"><strong>O JEZI\u010cNIM OBRASCIMA I PRAVILIMA U NASTAVI ENGLESKOG JEZIKA<\/strong><\/a> (str. 233-239)<\/li>\n<ul style=\"list-style-type:none\">\n<li>&emsp;&emsp; Vladimir Sekuli\u0107<\/li>\n<li>&emsp;&emsp; <\/li>\n<\/ul>\n<\/li>\n<p>  &nbsp;<\/p>\n<li><a href=\"https:\/\/stranijezici.ffzg.unizg.hr\/wp-content\/uploads\/2018\/11\/SJ_9_3_8.pdf\" target=\"_blank\"><strong>UD\u017dBENIK STRANOG JEZIKA ZA NEFILOLO\u0160KE FAKULTETE<\/strong><\/a> (str. 239-247)<\/li>\n<ul style=\"list-style-type:none\">\n<li>&emsp;&emsp; Milica Ga\u010di\u0107<\/li>\n<li>&emsp;&emsp; <\/li>\n<\/ul>\n<\/li>\n<p>  &nbsp;<\/p>\n<li><a href=\"https:\/\/stranijezici.ffzg.unizg.hr\/wp-content\/uploads\/2018\/11\/SJ_9_3_9.pdf\" target=\"_blank\"><strong>ZA EFIKASNIJU NASTAVU STRANIH JEZIKA ZA NEFILOLO\u0160KIM FAKULTETIMA<\/strong><\/a> (str. 248-253)<\/li>\n<ul style=\"list-style-type:none\">\n<li>&emsp;&emsp; Nade\u017eda Lainovi\u0107-Stojanovi\u0107<\/li>\n<li>&emsp;&emsp; <\/li>\n<\/ul>\n<\/li>\n<p>  &nbsp;<\/p>\n<li>\n<h3>Na\u0161a iskustva<\/h3>\n<\/li>\n<li><a href=\"https:\/\/stranijezici.ffzg.unizg.hr\/wp-content\/uploads\/2018\/11\/SJ_9_3_10.pdf\" target=\"_blank\"><strong>PRIMJENA UD\u017dBENIKA NJEMA\u010cKOG JEZIKA >>DEUTSCH IM BERUF<< <\/strong><\/a> (str. 254-256)<\/li>\n<ul style=\"list-style-type:none\">\n<li>&emsp;&emsp; Jerka Baleti\u0107<\/li>\n<li>&emsp;&emsp; <\/li>\n<\/ul>\n<\/li>\n<p>  &nbsp;<\/p>\n<li><a href=\"https:\/\/stranijezici.ffzg.unizg.hr\/wp-content\/uploads\/2018\/11\/SJ_9_3_11.pdf\" target=\"_blank\"><strong>JEDAN OD NA\u010cINA PISMENE PROVJERE ZNANJA<\/strong><\/a> (str. 257-264)<\/li>\n<ul style=\"list-style-type:none\">\n<li>&emsp;&emsp; Mijana Markovi\u0107<\/li>\n<li>&emsp;&emsp; <\/li>\n<\/ul>\n<\/li>\n<p>  &nbsp;<\/p>\n<li><a href=\"https:\/\/stranijezici.ffzg.unizg.hr\/wp-content\/uploads\/2018\/11\/SJ_9_3_12.pdf\" target=\"_blank\"><strong>SVRSISHODNO RA\u0160\u010cLANJIVANJE \u010cASOVA STRANOG JEZIKA NA PREVODILA\u010cKOM SMERU RADI IZBEGAVANJA MONOTONIJE<\/strong><\/a> (str. 264-267)<\/li>\n<ul style=\"list-style-type:none\">\n<li>&emsp;&emsp; Etelka Sele\u0161i, Emilija Horvat, Matija \u0160tefko<\/li>\n<li>&emsp;&emsp; <\/li>\n<\/ul>\n<\/li>\n<p>  &nbsp;<\/p>\n<li><a href=\"https:\/\/stranijezici.ffzg.unizg.hr\/wp-content\/uploads\/2018\/11\/SJ_9_3_13.pdf\" target=\"_blank\"><strong>POSLOVICE U NASTAVI STRANIH JEZIKA<\/strong><\/a> (str. 267-270)<\/li>\n<ul style=\"list-style-type:none\">\n<li>&emsp;&emsp; Yvonne Vrhovac<\/li>\n<li>&emsp;&emsp; <\/li>\n<\/ul>\n<\/li>\n<p>  &nbsp;<\/p>\n<li>\n<h3>\u017diva rije\u010d<\/h3>\n<\/li>\n<li><a href=\"https:\/\/stranijezici.ffzg.unizg.hr\/wp-content\/uploads\/2018\/11\/SJ_9_3_14.pdf\" target=\"_blank\"><strong>PROVERBES &#8211; PROVERBS &#8211; SPRICHW\u00d6RTER &#8211; PROVERBI &#8211; \u041f\u041e\u0421\u041b\u041e\u0412\u0418\u0426\u0418<\/strong><\/a> (str. 271-274)<\/li>\n<ul style=\"list-style-type:none\">\n<li>&emsp;&emsp; Oktavija Ger\u010dan<\/li>\n<li>&emsp;&emsp; <\/li>\n<\/ul>\n<\/li>\n<p>  &nbsp;<\/p>\n<li><a href=\"https:\/\/stranijezici.ffzg.unizg.hr\/wp-content\/uploads\/2018\/11\/SJ_9_3_15.pdf\" target=\"_blank\"><strong>PROVERBS<\/strong><\/a> (str. 274-276)<\/li>\n<\/li>\n<li><a href=\"https:\/\/stranijezici.ffzg.unizg.hr\/wp-content\/uploads\/2018\/11\/SJ_9_3_16.pdf\" target=\"_blank\"><strong>SPRICHW\u00d6RTER<\/strong><\/a> (str. 276-279)<\/li>\n<\/li>\n<li><a href=\"https:\/\/stranijezici.ffzg.unizg.hr\/wp-content\/uploads\/2018\/11\/SJ_9_3_17.pdf\" target=\"_blank\"><strong>PROVERBI<\/strong><\/a> (str. 279-282)<\/li>\n<\/li>\n<li><a href=\"https:\/\/stranijezici.ffzg.unizg.hr\/wp-content\/uploads\/2018\/11\/SJ_9_3_18.pdf\" target=\"_blank\"><strong>\u041f\u041e\u0421\u041b\u041e\u0412\u0418\u0426\u0418<\/strong><\/a> (str. 283-285)<\/li>\n<\/li>\n<p>  &nbsp;<\/p>\n<li>\n<h3>Prikazi knjiga<\/h3>\n<\/li>\n<li><a href=\"https:\/\/stranijezici.ffzg.unizg.hr\/wp-content\/uploads\/2018\/11\/SJ_9_3_19.pdf\" target=\"_blank\">Prikazi knjiga<\/a> (str. 287-288)<\/li>\n<\/li>\n<p>  &nbsp;\n<\/ul>\n","protected":false},"excerpt":{"rendered":"<p>RIJE\u010c UZ OVAJ BROJ (str. 189) &emsp;&emsp; &emsp;&emsp; &nbsp; Lingvistika GEOGRAFSKE RAZLIKE PRI UPOTREBI RIJE\u010cI U DANA\u0160NJEM NJEMA\u010cKOM JEZIKU (str. 190-203) &emsp;&emsp; J\u00fcrgen Eichhoff &emsp;&emsp; &nbsp; JEZIK U DRU\u0160TVENOM KONTEKSTU I ANALIZA DISKURSA (str. 204-213) &emsp;&emsp; Mirjana Bona\u010di\u0107 &emsp;&emsp; &nbsp; REFLEKSI PREVODILA\u010cKE TRANSFORMACIJE U NASTAVI NEMA\u010cKOG JEZIKA (str. 214-219) &emsp;&emsp; Nikola Kremzer &emsp;&emsp; &nbsp; REFORMA &hellip; <\/p>\n<p class=\"link-more\"><a href=\"https:\/\/stranijezici.ffzg.unizg.hr\/index.php\/vol9n3\/\" class=\"more-link\">Continue reading<span class=\"screen-reader-text\"> &#8220;Vol 9. (3)&#8221;<\/span><\/a><\/p>\n","protected":false},"author":2,"featured_media":0,"parent":0,"menu_order":0,"comment_status":"closed","ping_status":"closed","template":"","meta":{"ngg_post_thumbnail":0,"footnotes":""},"class_list":["post-1312","page","type-page","status-publish","hentry"],"_links":{"self":[{"href":"https:\/\/stranijezici.ffzg.unizg.hr\/index.php\/wp-json\/wp\/v2\/pages\/1312","targetHints":{"allow":["GET"]}}],"collection":[{"href":"https:\/\/stranijezici.ffzg.unizg.hr\/index.php\/wp-json\/wp\/v2\/pages"}],"about":[{"href":"https:\/\/stranijezici.ffzg.unizg.hr\/index.php\/wp-json\/wp\/v2\/types\/page"}],"author":[{"embeddable":true,"href":"https:\/\/stranijezici.ffzg.unizg.hr\/index.php\/wp-json\/wp\/v2\/users\/2"}],"replies":[{"embeddable":true,"href":"https:\/\/stranijezici.ffzg.unizg.hr\/index.php\/wp-json\/wp\/v2\/comments?post=1312"}],"version-history":[{"count":5,"href":"https:\/\/stranijezici.ffzg.unizg.hr\/index.php\/wp-json\/wp\/v2\/pages\/1312\/revisions"}],"predecessor-version":[{"id":1436,"href":"https:\/\/stranijezici.ffzg.unizg.hr\/index.php\/wp-json\/wp\/v2\/pages\/1312\/revisions\/1436"}],"wp:attachment":[{"href":"https:\/\/stranijezici.ffzg.unizg.hr\/index.php\/wp-json\/wp\/v2\/media?parent=1312"}],"curies":[{"name":"wp","href":"https:\/\/api.w.org\/{rel}","templated":true}]}}