{"id":1284,"date":"2018-11-01T11:14:37","date_gmt":"2018-11-01T11:14:37","guid":{"rendered":"https:\/\/stranijezici.ffzg.unizg.hr\/?page_id=1284"},"modified":"2018-11-24T14:29:25","modified_gmt":"2018-11-24T14:29:25","slug":"vol9n2","status":"publish","type":"page","link":"https:\/\/stranijezici.ffzg.unizg.hr\/index.php\/vol9n2\/","title":{"rendered":"Vol 9. (2)"},"content":{"rendered":"<ul style=\"list-style-type:none\">\n<li>\n<h3><a href=\"https:\/\/stranijezici.ffzg.unizg.hr\/wp-content\/uploads\/2018\/11\/SJ_9_2_0.pdf\" target=\"_blank\"><strong>RIJE\u010c UZ OVAJ BROJ<\/strong><\/a><\/h3>\n<p> (str. 89)<\/li>\n<ul style=\"list-style-type:none\">\n<li>&emsp;&emsp; <\/li>\n<li>&emsp;&emsp; <\/li>\n<\/ul>\n<\/li>\n<p>  &nbsp;<\/p>\n<li>\n<h3>Lingvistika<\/h3>\n<\/li>\n<li><a href=\"https:\/\/stranijezici.ffzg.unizg.hr\/wp-content\/uploads\/2018\/11\/SJ_9_2_1.pdf\" target=\"_blank\"><strong>PARADIGMATSKI I SINTAGMATSKI MODEL U KONTRASTIVNOJ LINGVISTICI<\/strong><\/a> (str. 90-92)<\/li>\n<ul style=\"list-style-type:none\">\n<li>&emsp;&emsp; Ljubomir Mihailovi\u0107<\/li>\n<li>&emsp;&emsp; <\/li>\n<\/ul>\n<\/li>\n<p>  &nbsp;<\/p>\n<li><a href=\"https:\/\/stranijezici.ffzg.unizg.hr\/wp-content\/uploads\/2018\/11\/SJ_9_2_2.pdf\" target=\"_blank\"><strong>JEZIK U DRU\u0160TVENOM KONTEKSTU I ANALIZA DISKURSA &#8211; I. DIO<\/strong><\/a> (str. 92-101)<\/li>\n<ul style=\"list-style-type:none\">\n<li>&emsp;&emsp; Mirjana Bona\u010di\u0107<\/li>\n<li>&emsp;&emsp; <\/li>\n<\/ul>\n<\/li>\n<p>  &nbsp;<\/p>\n<li><a href=\"https:\/\/stranijezici.ffzg.unizg.hr\/wp-content\/uploads\/2018\/11\/SJ_9_2_3.pdf\" target=\"_blank\"><strong>SEMANTIKA I SINTAKSA U NEKIM HRVATSKOSRPSKIM I TALIJANSKIM PRILOZIMA<\/strong><\/a> (str. 101-107)<\/li>\n<ul style=\"list-style-type:none\">\n<li>&emsp;&emsp; \u017deljka Ran\u010digaj<\/li>\n<li>&emsp;&emsp; <\/li>\n<\/ul>\n<\/li>\n<p>  &nbsp;<\/p>\n<li>\n<h3>Metodika<\/h3>\n<\/li>\n<li><a href=\"https:\/\/stranijezici.ffzg.unizg.hr\/wp-content\/uploads\/2018\/11\/SJ_9_2_4.pdf\" target=\"_blank\"><strong>FUNKCIONALNO-POJMOVNI NASTAVNI PROGRAM &#8211; OBE\u0106ANJA, PROBLEMI, PRAKSA<\/strong><\/a> (str. 108-122)<\/li>\n<ul style=\"list-style-type:none\">\n<li>&emsp;&emsp; Mary Finocchiaro<\/li>\n<li>&emsp;&emsp; <\/li>\n<\/ul>\n<\/li>\n<p>  &nbsp;<\/p>\n<li><a href=\"https:\/\/stranijezici.ffzg.unizg.hr\/wp-content\/uploads\/2018\/11\/SJ_9_2_5.pdf\" target=\"_blank\"><strong>A TECHNIQUE FOR EXPLOITING AUTHENTIC MATERIAL<\/strong><\/a> (str. 122-131)<\/li>\n<ul style=\"list-style-type:none\">\n<li>&emsp;&emsp; Tom Hutchinson<\/li>\n<li>&emsp;&emsp; <\/li>\n<\/ul>\n<\/li>\n<p>  &nbsp;<\/p>\n<li><a href=\"https:\/\/stranijezici.ffzg.unizg.hr\/wp-content\/uploads\/2018\/11\/SJ_9_2_6.pdf\" target=\"_blank\"><strong>PRISTUP GRAMATICI U NASTAVI RUSKOG JEZIKA<\/strong><\/a> (str. 131-137)<\/li>\n<ul style=\"list-style-type:none\">\n<li>&emsp;&emsp; Stanka Pavuna<\/li>\n<li>&emsp;&emsp; <\/li>\n<\/ul>\n<\/li>\n<p>  &nbsp;<\/p>\n<li>\n<h3>Na\u0161a iskustva<\/h3>\n<\/li>\n<li><a href=\"https:\/\/stranijezici.ffzg.unizg.hr\/wp-content\/uploads\/2018\/11\/SJ_9_2_7.pdf\" target=\"_blank\"><strong>KAKO SAM ISKORISTILA COMREHENSION PASSAGE ZA UVJE\u017dBAVANJE GRAMATI\u010cKOGA GRADIVA<\/strong><\/a> (str. 138-140)<\/li>\n<ul style=\"list-style-type:none\">\n<li>&emsp;&emsp; Marija Baumholc<\/li>\n<li>&emsp;&emsp; <\/li>\n<\/ul>\n<\/li>\n<p>  &nbsp;<\/p>\n<li><a href=\"https:\/\/stranijezici.ffzg.unizg.hr\/wp-content\/uploads\/2018\/11\/SJ_9_2_8.pdf\" target=\"_blank\"><strong>BROJEVI U IGRI<\/strong><\/a> (str. 141-145)<\/li>\n<ul style=\"list-style-type:none\">\n<li>&emsp;&emsp; Dora Bali\u0107-\u017duni\u0107<\/li>\n<li>&emsp;&emsp; <\/li>\n<\/ul>\n<\/li>\n<p>  &nbsp;<\/p>\n<li><a href=\"https:\/\/stranijezici.ffzg.unizg.hr\/wp-content\/uploads\/2018\/11\/SJ_9_2_9.pdf\" target=\"_blank\"><strong>OBRADA INFORMACIJA (INFORMATION) U VII I VIII RAZREDU OSNOVNE \u0160KOLE<\/strong><\/a> (str. 145-149)<\/li>\n<ul style=\"list-style-type:none\">\n<li>&emsp;&emsp; Vida Nikpalj<\/li>\n<li>&emsp;&emsp; <\/li>\n<\/ul>\n<\/li>\n<p>  &nbsp;<\/p>\n<li><a href=\"https:\/\/stranijezici.ffzg.unizg.hr\/wp-content\/uploads\/2018\/11\/SJ_9_2_10.pdf\" target=\"_blank\"><strong>OBOGA\u0106IVANJE RJE\u010cNIKA IZRAZIMA KOJI OZNA\u010cUJU GLASOVE, ZVUKOVE I BUKU<\/strong><\/a> (str. 150-154)<\/li>\n<ul style=\"list-style-type:none\">\n<li>&emsp;&emsp; Nives Sironi\u0107-Bonefa\u010di\u0107<\/li>\n<li>&emsp;&emsp; <\/li>\n<\/ul>\n<\/li>\n<p>  &nbsp;<\/p>\n<li>\n<h3>\u017diva rije\u010d<\/h3>\n<\/li>\n<li><a href=\"https:\/\/stranijezici.ffzg.unizg.hr\/wp-content\/uploads\/2018\/11\/SJ_9_2_11.pdf\" target=\"_blank\"><strong>\u0418\u0433\u0440\u044b \u043d\u0430 \u0443\u0440\u043e\u043a\u0435 \u0440\u0443\u0441\u0441\u043a\u043e\u0433\u043e \u044f\u0437\u044b\u043a\u0430<\/strong><\/a> (str. 155-162)<\/li>\n<ul style=\"list-style-type:none\">\n<li>&emsp;&emsp; Milici Bukarica<\/li>\n<li>&emsp;&emsp; <\/li>\n<\/ul>\n<\/li>\n<p>  &nbsp;<\/p>\n<li>\n<h3>Prikazi knjiga<\/h3>\n<\/li>\n<li><a href=\"https:\/\/stranijezici.ffzg.unizg.hr\/wp-content\/uploads\/2018\/11\/SJ_9_2_12.pdf\" target=\"_blank\"><strong>DUBRAVKO \u0160KILJAN &#8211; GOVOR REALNOSTI I REALNOST JEZIKA<\/strong><\/a> (str. 163-164)<\/li>\n<ul style=\"list-style-type:none\">\n<li>&emsp;&emsp; Ljerka Debu\u0161<\/li>\n<li>&emsp;&emsp; <\/li>\n<\/ul>\n<\/li>\n<p>  &nbsp;<\/p>\n<li><a href=\"https:\/\/stranijezici.ffzg.unizg.hr\/wp-content\/uploads\/2018\/11\/SJ_9_2_13.pdf\" target=\"_blank\"><strong>\u041c. \u0412. \u041f\u0430\u043d\u043e\u0432 \u0421\u043e\u0432\u0440\u0435\u043c\u0435\u043d\u043d\u044b\u0439 \u0440\u044b\u0441\u0441\u043a\u0438\u0439 \u044f\u0437\u044b\u043a. \u0444\u043e\u043d\u0435\u0442\u0438\u043a\u0430<\/strong><\/a> (str. 164-165)<\/li>\n<ul style=\"list-style-type:none\">\n<li>&emsp;&emsp; Du\u0161anka Miri\u0107<\/li>\n<li>&emsp;&emsp; <\/li>\n<\/ul>\n<\/li>\n<p>  &nbsp;<\/p>\n<li><a href=\"https:\/\/stranijezici.ffzg.unizg.hr\/wp-content\/uploads\/2018\/11\/SJ_9_2_14.pdf\" target=\"_blank\"><strong>ELTI &#8211; ENGLISH LANGUAGE TEACHING INFORMATION, BELGRADE, YUGOSLAVIA<\/strong><\/a> (str. 166-167)<\/li>\n<ul style=\"list-style-type:none\">\n<li>&emsp;&emsp; Anu\u0161ka Naki\u0107<\/li>\n<li>&emsp;&emsp; <\/li>\n<\/ul>\n<\/li>\n<p>  &nbsp;<\/p>\n<li><a href=\"https:\/\/stranijezici.ffzg.unizg.hr\/wp-content\/uploads\/2018\/11\/SJ_9_2_15.pdf\" target=\"_blank\"><strong>NAUM DIMITRIJEVI\u0106 &#8211; ZABLUDE U NASTAVI STRANIH JEZIKA<\/strong><\/a> (str. 168-169)<\/li>\n<ul style=\"list-style-type:none\">\n<li>&emsp;&emsp; Jasna Bilini\u0107-Zubak<\/li>\n<li>&emsp;&emsp; <\/li>\n<\/ul>\n<\/li>\n<p>  &nbsp;<\/p>\n<li><a href=\"https:\/\/stranijezici.ffzg.unizg.hr\/wp-content\/uploads\/2018\/11\/SJ_9_2_16.pdf\" target=\"_blank\"><strong>\u041b. \u0421. \u0411\u0430\u0440\u0445\u0443\u0434\u0430\u0440\u043e\u0432 \u044f\u0437\u044b\u043a \u0438 \u043f\u0435\u0440\u0435\u0432\u043e\u0434<\/strong><\/a> (str. 169-173)<\/li>\n<ul style=\"list-style-type:none\">\n<li>&emsp;&emsp; Stjepo Vojvoda<\/li>\n<li>&emsp;&emsp; <\/li>\n<\/ul>\n<\/li>\n<p>  &nbsp;<\/p>\n<li>\n<h3>Kronika<\/h3>\n<\/li>\n<li><a href=\"https:\/\/stranijezici.ffzg.unizg.hr\/wp-content\/uploads\/2018\/11\/SJ_9_2_17.pdf\" target=\"_blank\"><strong>STRANI JEZICI U VISOKOM I VI\u0160EM OBRAZOVANJU<\/strong><\/a> (str. 174-177)<\/li>\n<ul style=\"list-style-type:none\">\n<li>&emsp;&emsp; Nade\u017eda Vinaver<\/li>\n<li>&emsp;&emsp; <\/li>\n<\/ul>\n<\/li>\n<p>  &nbsp;<\/p>\n<li><a href=\"https:\/\/stranijezici.ffzg.unizg.hr\/wp-content\/uploads\/2018\/11\/SJ_9_2_18.pdf\" target=\"_blank\"><strong>NATJECANJE U ZNANJU STRANIH JEZIKA<\/strong><\/a> (str. 177-180)<\/li>\n<ul style=\"list-style-type:none\">\n<li>&emsp;&emsp; Ljerka Milojkovi\u0107<\/li>\n<li>&emsp;&emsp; <\/li>\n<\/ul>\n<\/li>\n<p>  &nbsp;<\/p>\n<li><a href=\"https:\/\/stranijezici.ffzg.unizg.hr\/wp-content\/uploads\/2018\/11\/SJ_9_2_19.pdf\" target=\"_blank\"><strong>SEMINAR ZA NASTAVNIKE RUSKOG JEZIKA<\/strong><\/a> (str. 180-181)<\/li>\n<ul style=\"list-style-type:none\">\n<li>&emsp;&emsp; Mira Klepa\u010d<\/li>\n<li>&emsp;&emsp; <\/li>\n<\/ul>\n<\/li>\n<p>  &nbsp;<\/p>\n<li><a href=\"https:\/\/stranijezici.ffzg.unizg.hr\/wp-content\/uploads\/2018\/11\/SJ_9_2_20.pdf\" target=\"_blank\"><strong>SEMINAR ZA NASTAVNIKE FRANCUSKOG JEZIKA<\/strong><\/a> (str. 181-183)<\/li>\n<ul style=\"list-style-type:none\">\n<li>&emsp;&emsp; Anu\u0161ka Naki\u0107<\/li>\n<li>&emsp;&emsp; <\/li>\n<\/ul>\n<\/li>\n<p>  &nbsp;<\/p>\n<li><a href=\"https:\/\/stranijezici.ffzg.unizg.hr\/wp-content\/uploads\/2018\/11\/SJ_9_2_21.pdf\" target=\"_blank\"><strong>SEMINAR ZA NASTAVNIKE NJEMA\u010cKOG JEZIKA<\/strong><\/a> (str. 183-184)<\/li>\n<ul style=\"list-style-type:none\">\n<li>&emsp;&emsp; Mladen Dolenc<\/li>\n<li>&emsp;&emsp; <\/li>\n<\/ul>\n<\/li>\n<p>  &nbsp;<\/p>\n<li>\n<h3>Diskusija<\/h3>\n<\/li>\n<li><a href=\"https:\/\/stranijezici.ffzg.unizg.hr\/wp-content\/uploads\/2018\/11\/SJ_9_2_22.pdf\" target=\"_blank\"><strong>A REPLY TO DR. MAGNER&#8217;S COMMENT ON ERRORS IN TRANSLATION<\/strong><\/a> (str. 185-188)<\/li>\n<ul style=\"list-style-type:none\">\n<li>&emsp;&emsp; Ljiljana Bibovi\u0107<\/li>\n<li>&emsp;&emsp; <\/li>\n<\/ul>\n<\/li>\n<p>  &nbsp;\n<\/ul>\n","protected":false},"excerpt":{"rendered":"<p>RIJE\u010c UZ OVAJ BROJ (str. 89) &emsp;&emsp; &emsp;&emsp; &nbsp; Lingvistika PARADIGMATSKI I SINTAGMATSKI MODEL U KONTRASTIVNOJ LINGVISTICI (str. 90-92) &emsp;&emsp; Ljubomir Mihailovi\u0107 &emsp;&emsp; &nbsp; JEZIK U DRU\u0160TVENOM KONTEKSTU I ANALIZA DISKURSA &#8211; I. DIO (str. 92-101) &emsp;&emsp; Mirjana Bona\u010di\u0107 &emsp;&emsp; &nbsp; SEMANTIKA I SINTAKSA U NEKIM HRVATSKOSRPSKIM I TALIJANSKIM PRILOZIMA (str. 101-107) &emsp;&emsp; \u017deljka Ran\u010digaj &hellip; <\/p>\n<p class=\"link-more\"><a href=\"https:\/\/stranijezici.ffzg.unizg.hr\/index.php\/vol9n2\/\" class=\"more-link\">Continue reading<span class=\"screen-reader-text\"> &#8220;Vol 9. (2)&#8221;<\/span><\/a><\/p>\n","protected":false},"author":2,"featured_media":0,"parent":0,"menu_order":0,"comment_status":"closed","ping_status":"closed","template":"","meta":{"ngg_post_thumbnail":0,"footnotes":""},"class_list":["post-1284","page","type-page","status-publish","hentry"],"_links":{"self":[{"href":"https:\/\/stranijezici.ffzg.unizg.hr\/index.php\/wp-json\/wp\/v2\/pages\/1284","targetHints":{"allow":["GET"]}}],"collection":[{"href":"https:\/\/stranijezici.ffzg.unizg.hr\/index.php\/wp-json\/wp\/v2\/pages"}],"about":[{"href":"https:\/\/stranijezici.ffzg.unizg.hr\/index.php\/wp-json\/wp\/v2\/types\/page"}],"author":[{"embeddable":true,"href":"https:\/\/stranijezici.ffzg.unizg.hr\/index.php\/wp-json\/wp\/v2\/users\/2"}],"replies":[{"embeddable":true,"href":"https:\/\/stranijezici.ffzg.unizg.hr\/index.php\/wp-json\/wp\/v2\/comments?post=1284"}],"version-history":[{"count":6,"href":"https:\/\/stranijezici.ffzg.unizg.hr\/index.php\/wp-json\/wp\/v2\/pages\/1284\/revisions"}],"predecessor-version":[{"id":1434,"href":"https:\/\/stranijezici.ffzg.unizg.hr\/index.php\/wp-json\/wp\/v2\/pages\/1284\/revisions\/1434"}],"wp:attachment":[{"href":"https:\/\/stranijezici.ffzg.unizg.hr\/index.php\/wp-json\/wp\/v2\/media?parent=1284"}],"curies":[{"name":"wp","href":"https:\/\/api.w.org\/{rel}","templated":true}]}}