{"id":1257,"date":"2018-11-01T09:57:07","date_gmt":"2018-11-01T09:57:07","guid":{"rendered":"https:\/\/stranijezici.ffzg.unizg.hr\/?page_id=1257"},"modified":"2018-11-24T14:27:14","modified_gmt":"2018-11-24T14:27:14","slug":"vol9n1","status":"publish","type":"page","link":"https:\/\/stranijezici.ffzg.unizg.hr\/index.php\/vol9n1\/","title":{"rendered":"Vol 9. (1)"},"content":{"rendered":"<ul style=\"list-style-type:none\">\n<li>\n<h3><a href=\"https:\/\/stranijezici.ffzg.unizg.hr\/wp-content\/uploads\/2018\/11\/SJ_9_1_0.pdf\" target=\"_blank\"><strong>RIJE\u010c UZ OVAJ BROJ<\/strong><\/a><\/h3>\n<p> (str. 1)<\/li>\n<\/li>\n<p>  &nbsp;<\/p>\n<li>\n<h3>Lingvistika<\/h3>\n<\/li>\n<li><a href=\"https:\/\/stranijezici.ffzg.unizg.hr\/wp-content\/uploads\/2018\/11\/SJ_9_1_1.pdf\" target=\"_blank\"><strong>O NEKIM >>POSEBNIM<< TIPOVIMA RE\u010cENICA<\/strong><\/a> (str. 2-13)<\/li>\n<ul style=\"list-style-type:none\">\n<li>&emsp;&emsp; Pavao Tekav\u010di\u0107<\/li>\n<li>&emsp;&emsp; <\/li>\n<\/ul>\n<\/li>\n<p>  &nbsp;<\/p>\n<li><a href=\"https:\/\/stranijezici.ffzg.unizg.hr\/wp-content\/uploads\/2018\/11\/SJ_9_1_2.pdf\" target=\"_blank\"><strong>GLAGOL MOVE KAO GLAGOL KRETANJA<\/strong><\/a> (str. 14-19)<\/li>\n<ul style=\"list-style-type:none\">\n<li>&emsp;&emsp; Ivo Krile<\/li>\n<li>&emsp;&emsp; <\/li>\n<\/ul>\n<\/li>\n<p>  &nbsp;<\/p>\n<li>\n<h3>Metodika<\/h3>\n<\/li>\n<li><a href=\"https:\/\/stranijezici.ffzg.unizg.hr\/wp-content\/uploads\/2018\/11\/SJ_9_1_3.pdf\" target=\"_blank\"><strong>HISTORIJSKA GRAMATIKA I NASTAVA NJEMA\u010cKOG JEZIKA<\/strong><\/a> (str. 20-27)<\/li>\n<ul style=\"list-style-type:none\">\n<li>&emsp;&emsp; Stanko \u017depi\u0107<\/li>\n<li>&emsp;&emsp; <\/li>\n<\/ul>\n<\/li>\n<p>  &nbsp;<\/p>\n<li><a href=\"https:\/\/stranijezici.ffzg.unizg.hr\/wp-content\/uploads\/2018\/11\/SJ_9_1_4.pdf\" target=\"_blank\"><strong>POJAM >>FUNKCIJE<< U NASTAVNIM PROGRAMIMA STRANIH JEZIKA<\/strong><\/a> (str. 28-33)<\/li>\n<ul style=\"list-style-type:none\">\n<li>&emsp;&emsp; Dubravko \u0160kiljan<\/li>\n<li>&emsp;&emsp; <\/li>\n<\/ul>\n<\/li>\n<p>  &nbsp;<\/p>\n<li><a href=\"https:\/\/stranijezici.ffzg.unizg.hr\/wp-content\/uploads\/2018\/11\/SJ_9_1_5.pdf\" target=\"_blank\"><strong>AVTENTI\u010cNIOT TEKST VO NASTAVATA PO STRANSKI JAZICI<\/strong><\/a> (str. 34-37)<\/li>\n<ul style=\"list-style-type:none\">\n<li>&emsp;&emsp; Dimitrija Gacov<\/li>\n<li>&emsp;&emsp; <\/li>\n<\/ul>\n<\/li>\n<p>  &nbsp;<\/p>\n<li>\n<h3>Na\u0161a iskustva<\/h3>\n<\/li>\n<li><a href=\"https:\/\/stranijezici.ffzg.unizg.hr\/wp-content\/uploads\/2018\/11\/SJ_9_1_6.pdf\" target=\"_blank\"><strong>ZAVR\u0160NI ISPIT &#8211; JEDNA OD INOVACIJA REFORME ODGOJA I OBRAZOVANJA<\/strong><\/a> (str. 38-41)<\/li>\n<ul style=\"list-style-type:none\">\n<li>&emsp;&emsp; Davorka Celmi\u0107<\/li>\n<li>&emsp;&emsp; <\/li>\n<\/ul>\n<\/li>\n<p>  &nbsp;<\/p>\n<li><a href=\"https:\/\/stranijezici.ffzg.unizg.hr\/wp-content\/uploads\/2018\/11\/SJ_9_1_7.pdf\" target=\"_blank\"><strong>ZAVR\u0160NI ISPIT ZA OBRAZOVNI PROFIL PREVODIOCA U \u0160KOLSKOJ GODINI 1978\/79.<\/strong><\/a> (str. 41-42)<\/li>\n<ul style=\"list-style-type:none\">\n<li>&emsp;&emsp; Zlata Kip\u010di\u0107<\/li>\n<li>&emsp;&emsp; <\/li>\n<\/ul>\n<\/li>\n<p>  &nbsp;<\/p>\n<li><a href=\"https:\/\/stranijezici.ffzg.unizg.hr\/wp-content\/uploads\/2018\/11\/SJ_9_1_8.pdf\" target=\"_blank\"><strong>PRVA ISKUSTVA O ZAVR\u0160NOM ISPITU U\u010cENIKA JEZI\u010cNO-TURISTI\u010cKOG USMJERENJA<\/strong><\/a> (str. 43)<\/li>\n<ul style=\"list-style-type:none\">\n<li>&emsp;&emsp; Vesna Zeli\u0107<\/li>\n<li>&emsp;&emsp; <\/li>\n<\/ul>\n<\/li>\n<p>  &nbsp;  <\/p>\n<li><a href=\"https:\/\/stranijezici.ffzg.unizg.hr\/wp-content\/uploads\/2018\/11\/SJ_9_1_9.pdf\" target=\"_blank\"><strong>OSVRT NA IZRADU PRAKTI\u010cNOG ZADATKA NA ZAVR\u0160NOM ISPITU U\u010cENIKA KOJI SU SE \u0160KOLOVALI ZA ZANIMANJE SURADNIKA U ODGOJNO-OBRAZOVNOM PROCESU<\/strong><\/a> (str. 44-45)<\/li>\n<ul style=\"list-style-type:none\">\n<li>&emsp;&emsp; Yvonne Vrhovac<\/li>\n<li>&emsp;&emsp; <\/li>\n<\/ul>\n<\/li>\n<p>  &nbsp;<\/p>\n<li><a href=\"https:\/\/stranijezici.ffzg.unizg.hr\/wp-content\/uploads\/2018\/11\/SJ_9_1_10.pdf\" target=\"_blank\"><strong>ZAVR\u0160NI ISPIT U\u010cENIKA KOJI SU ODABRALI USMJERENJE INOKORESPODENTA<\/strong><\/a> (str. 45-46)<\/li>\n<ul style=\"list-style-type:none\">\n<li>&emsp;&emsp; Mira Klepa\u010d<\/li>\n<li>&emsp;&emsp; <\/li>\n<\/ul>\n<\/li>\n<p>  &nbsp;<\/p>\n<li><a href=\"https:\/\/stranijezici.ffzg.unizg.hr\/wp-content\/uploads\/2018\/11\/SJ_9_1_11.pdf\" target=\"_blank\"><strong>RAZVIJANJE GOVORNIH SPOSOBNOSTI U SIMULIRANIM SITUACIJAMA S U\u010cENICIMA \u010cETVRTOGA I PETOGA RAZREDA OSNOVNE \u0160KOLE<\/strong><\/a> (str. 46-49)<\/li>\n<ul style=\"list-style-type:none\">\n<li>&emsp;&emsp; Vida Nikpalj<\/li>\n<li>&emsp;&emsp; <\/li>\n<\/ul>\n<\/li>\n<p>  &nbsp;<\/p>\n<li>\n<h3>Diskusija<\/h3>\n<\/li>\n<li><a href=\"https:\/\/stranijezici.ffzg.unizg.hr\/wp-content\/uploads\/2018\/11\/SJ_9_1_12.pdf\" target=\"_blank\"><strong>INTEGRATIVNA MOTIVACIJA I PSIHOLOGIJA MO\u0106I<\/strong><\/a> (str. 50-52)<\/li>\n<ul style=\"list-style-type:none\">\n<li>&emsp;&emsp; Biserka Limi\u0107<\/li>\n<li>&emsp;&emsp; <\/li>\n<\/ul>\n<\/li>\n<p>  &nbsp;<\/p>\n<li><a href=\"https:\/\/stranijezici.ffzg.unizg.hr\/wp-content\/uploads\/2018\/11\/SJ_9_1_13.pdf\" target=\"_blank\"><strong>PROBLEMI U PRAKTI\u010cNOJ JEZI\u010cNOJ NASTAVI NA PRVOJ GODINI GERMANISTIKE<\/strong><\/a> (str. 53-56)<\/li>\n<ul style=\"list-style-type:none\">\n<li>&emsp;&emsp; Tamara Mar\u010deti\u0107<\/li>\n<li>&emsp;&emsp; <\/li>\n<\/ul>\n<\/li>\n<p>  &nbsp;<\/p>\n<li>\n<h3>\u017diva rije\u010d<\/h3>\n<\/li>\n<li><a href=\"https:\/\/stranijezici.ffzg.unizg.hr\/wp-content\/uploads\/2018\/11\/SJ_9_1_14.pdf\" target=\"_blank\"><strong>SOME THOUGHTS ABOUT DICTIONARIES, NATIVE SPEAKERS AND AMERICAN ENGLISH USAGE<\/strong><\/a> (str. 57-62)<\/li>\n<ul style=\"list-style-type:none\">\n<li>&emsp;&emsp; Thomas F. Magner<\/li>\n<li>&emsp;&emsp; <\/li>\n<\/ul>\n<\/li>\n<p>  &nbsp;<\/p>\n<li><a href=\"https:\/\/stranijezici.ffzg.unizg.hr\/wp-content\/uploads\/2018\/11\/SJ_9_1_15.pdf\" target=\"_blank\"><strong>SITTEN UND BR\u00c4UCHE IN DER DDR<\/strong><\/a> (str. 63-70)<\/li>\n<ul style=\"list-style-type:none\">\n<li>&emsp;&emsp; Rolf Tauscher<\/li>\n<li>&emsp;&emsp; <\/li>\n<\/ul>\n<\/li>\n<p>  &nbsp;<\/p>\n<li><a href=\"https:\/\/stranijezici.ffzg.unizg.hr\/wp-content\/uploads\/2018\/11\/SJ_9_1_16.pdf\" target=\"_blank\"><strong> >>WHAT WOULD YOU LIKE TO DRINK<< AN ENGLISHMAN'S VIEW OF BRITISH DRINKING HABITS<\/strong><\/a> (str. 71-73)<\/li>\n<ul style=\"list-style-type:none\">\n<li>&emsp;&emsp; Tom Hutchinson<\/li>\n<li>&emsp;&emsp; <\/li>\n<\/ul>\n<\/li>\n<p>  &nbsp;<\/p>\n<li><a href=\"https:\/\/stranijezici.ffzg.unizg.hr\/wp-content\/uploads\/2018\/11\/SJ_9_1_17.pdf\" target=\"_blank\"><strong>LA FRANCE DES JEUX DE HASARD<\/strong><\/a> (str. 73-76)<\/li>\n<ul style=\"list-style-type:none\">\n<li>&emsp;&emsp; Pierre Calderon<\/li>\n<li>&emsp;&emsp; <\/li>\n<\/ul>\n<\/li>\n<p>  &nbsp;<\/p>\n<li>\n<h3>Prikazi knjiga<\/h3>\n<\/li>\n<li><a href=\"https:\/\/stranijezici.ffzg.unizg.hr\/wp-content\/uploads\/2018\/11\/SJ_9_1_18.pdf\" target=\"_blank\"><strong>ENGLISH FOR SPECIFIC PURPOSES<\/strong><\/a> (str. 77-82)<\/li>\n<ul style=\"list-style-type:none\">\n<li>&emsp;&emsp; Marela Hercezi-Skallicki<\/li>\n<li>&emsp;&emsp; <\/li>\n<\/ul>\n<\/li>\n<p>  &nbsp;<\/p>\n<li>\n<h3>Kronika<\/h3>\n<\/li>\n<li><a href=\"https:\/\/stranijezici.ffzg.unizg.hr\/wp-content\/uploads\/2018\/11\/SJ_9_1_19.pdf\" target=\"_blank\"><strong>SEMINAR ODSJEKA ZA FRANCUSKI JEZIK I KNJI\u017dEVNOST PRI NEFRANKOFONSKIM SVEU\u010cILI\u0160TIMA<\/strong><\/a> (str. 83-84)<\/li>\n<ul style=\"list-style-type:none\">\n<li>&emsp;&emsp; Ivana Batu\u0161i\u0107<\/li>\n<li>&emsp;&emsp; <\/li>\n<\/ul>\n<\/li>\n<p>  &nbsp;<\/p>\n<li><a href=\"https:\/\/stranijezici.ffzg.unizg.hr\/wp-content\/uploads\/2018\/11\/SJ_9_1_20.pdf\" target=\"_blank\"><strong>ENGLESKI JEZIK U FUNKCIJI STRUKE<\/strong><\/a> (str. 84-87)<\/li>\n<ul style=\"list-style-type:none\">\n<li>&emsp;&emsp; Mirjana Bona\u010di\u0107<\/li>\n<li>&emsp;&emsp; <\/li>\n<\/ul>\n<\/li>\n<\/ul>\n","protected":false},"excerpt":{"rendered":"<p>RIJE\u010c UZ OVAJ BROJ (str. 1) &nbsp; Lingvistika O NEKIM >>POSEBNIM>FUNKCIJE>WHAT WOULD YOU LIKE TO DRINK<\/p>\n","protected":false},"author":2,"featured_media":0,"parent":0,"menu_order":0,"comment_status":"closed","ping_status":"closed","template":"","meta":{"ngg_post_thumbnail":0,"footnotes":""},"class_list":["post-1257","page","type-page","status-publish","hentry"],"_links":{"self":[{"href":"https:\/\/stranijezici.ffzg.unizg.hr\/index.php\/wp-json\/wp\/v2\/pages\/1257","targetHints":{"allow":["GET"]}}],"collection":[{"href":"https:\/\/stranijezici.ffzg.unizg.hr\/index.php\/wp-json\/wp\/v2\/pages"}],"about":[{"href":"https:\/\/stranijezici.ffzg.unizg.hr\/index.php\/wp-json\/wp\/v2\/types\/page"}],"author":[{"embeddable":true,"href":"https:\/\/stranijezici.ffzg.unizg.hr\/index.php\/wp-json\/wp\/v2\/users\/2"}],"replies":[{"embeddable":true,"href":"https:\/\/stranijezici.ffzg.unizg.hr\/index.php\/wp-json\/wp\/v2\/comments?post=1257"}],"version-history":[{"count":6,"href":"https:\/\/stranijezici.ffzg.unizg.hr\/index.php\/wp-json\/wp\/v2\/pages\/1257\/revisions"}],"predecessor-version":[{"id":1433,"href":"https:\/\/stranijezici.ffzg.unizg.hr\/index.php\/wp-json\/wp\/v2\/pages\/1257\/revisions\/1433"}],"wp:attachment":[{"href":"https:\/\/stranijezici.ffzg.unizg.hr\/index.php\/wp-json\/wp\/v2\/media?parent=1257"}],"curies":[{"name":"wp","href":"https:\/\/api.w.org\/{rel}","templated":true}]}}