{"id":1191,"date":"2018-10-30T15:30:32","date_gmt":"2018-10-30T15:30:32","guid":{"rendered":"https:\/\/stranijezici.ffzg.unizg.hr\/?page_id=1191"},"modified":"2018-11-24T14:18:31","modified_gmt":"2018-11-24T14:18:31","slug":"vol8n1-2","status":"publish","type":"page","link":"https:\/\/stranijezici.ffzg.unizg.hr\/index.php\/vol8n1-2\/","title":{"rendered":"Vol 8. (1-2)"},"content":{"rendered":"<ul style=\"list-style-type:none\">\n<li><a href=\"https:\/\/stranijezici.ffzg.unizg.hr\/wp-content\/uploads\/2018\/10\/SJ_8_1-2_0.pdf\" target=\"_blank\"><strong>JEZIK STRUKE<\/strong><\/a> (str. 1)<\/li>\n<ul style=\"list-style-type:none\">\n<li>&emsp;&emsp; Stanko \u017depi\u0107<\/li>\n<li>&emsp;&emsp; <\/li>\n<\/ul>\n<\/li>\n<p>  &nbsp;<\/p>\n<li>\n<h3>Lingvistika; Jezik struke<\/h3>\n<\/li>\n<li><a href=\"https:\/\/stranijezici.ffzg.unizg.hr\/wp-content\/uploads\/2018\/10\/SJ_8_1-2_1.pdf\" target=\"_blank\"><strong>TENDENCIJE RAZVOJA SUVREMENE TEORIJE VALENTNOSTI<\/strong><\/a> (str. 2-23)<\/li>\n<ul style=\"list-style-type:none\">\n<li>&emsp;&emsp; Gerhard Helbig, Leipzig\/DRNj<\/li>\n<li>&emsp;&emsp; <\/li>\n<\/ul>\n<\/li>\n<p>  &nbsp;<\/p>\n<li><a href=\"https:\/\/stranijezici.ffzg.unizg.hr\/wp-content\/uploads\/2018\/10\/SJ_8_1-2_2.pdf\" target=\"_blank\"><strong>STRU\u010cNI JEZICI I OP\u0106E JEZIK<\/strong><\/a> (str. 24-34)<\/li>\n<ul style=\"list-style-type:none\">\n<li>&emsp;&emsp; Rudolf Hoberg, Darmstadt\/SRNj<\/li>\n<li>&emsp;&emsp; <\/li>\n<\/ul>\n<\/li>\n<p>  &nbsp;<\/p>\n<li><a href=\"https:\/\/stranijezici.ffzg.unizg.hr\/wp-content\/uploads\/2018\/10\/SJ_8_1-2_3.pdf\" target=\"_blank\"><strong>JEZIK U FUNKCIJI STRUKE I NJEGOVA DIDAKTI\u010cKA PRIMJENA<\/strong><\/a> (str. 34-39)<\/li>\n<ul style=\"list-style-type:none\">\n<li>&emsp;&emsp; Ivana Batu\u0161i\u0107<\/li>\n<li>&emsp;&emsp; <\/li>\n<\/ul>\n<\/li>\n<p>  &nbsp;<\/p>\n<li><a href=\"https:\/\/stranijezici.ffzg.unizg.hr\/wp-content\/uploads\/2018\/10\/SJ_8_1-2_4.pdf\" target=\"_blank\"><strong>TREBA LI JEZIK STRUKE POSEBNO PROU\u010cAVATI?<\/strong><\/a> (str. 39-46)<\/li>\n<ul style=\"list-style-type:none\">\n<li>&emsp;&emsp; Stanko \u017depi\u0107<\/li>\n<li>&emsp;&emsp; <\/li>\n<\/ul>\n<\/li>\n<p>  &nbsp;<\/p>\n<li><a href=\"https:\/\/stranijezici.ffzg.unizg.hr\/wp-content\/uploads\/2018\/10\/SJ_8_1-2_5.pdf\" target=\"_blank\"><strong>IMENSKE SLO\u017dENICE U TEHNI\u010cKOM ENGLESKOM JEZIKU<\/strong><\/a> (str. 47-58)<\/li>\n<ul style=\"list-style-type:none\">\n<li>&emsp;&emsp; Ljerka Bartoli\u0107<\/li>\n<li>&emsp;&emsp; <\/li>\n<\/ul>\n<\/li>\n<p>  &nbsp;<\/p>\n<li><a href=\"https:\/\/stranijezici.ffzg.unizg.hr\/wp-content\/uploads\/2018\/10\/SJ_8_1-2_6.pdf\" target=\"_blank\"><strong>OPTIMALNA NASTAVA STRANIH JEZIKA<\/strong><\/a> (str. 59-62)<\/li>\n<ul style=\"list-style-type:none\">\n<li>&emsp;&emsp; Vesna Izakovi\u0107<\/li>\n<li>&emsp;&emsp; <\/li>\n<\/ul>\n<\/li>\n<p>  &nbsp;<\/p>\n<li><a href=\"https:\/\/stranijezici.ffzg.unizg.hr\/wp-content\/uploads\/2018\/10\/SJ_8_1-2_7.pdf\" target=\"_blank\"><strong>PRISTUP STRU\u010cNOM STRANOM JEZIKU NA PODRU\u010cJU EKONOMSKIH ZNANOSTI<\/strong><\/a> (str. 62-68)<\/li>\n<ul style=\"list-style-type:none\">\n<li>&emsp;&emsp; Marija Cveli\u0107<\/li>\n<li>&emsp;&emsp; <\/li>\n<\/ul>\n<\/li>\n<p>  &nbsp;<\/p>\n<li><a href=\"https:\/\/stranijezici.ffzg.unizg.hr\/wp-content\/uploads\/2018\/10\/SJ_8_1-2_8.pdf\" target=\"_blank\"><strong>JEZIK ZNANSTVENO-TEHNI\u010cKE LITERATURE<\/strong><\/a> (str. 68-73)<\/li>\n<ul style=\"list-style-type:none\">\n<li>&emsp;&emsp; O. D. Mitrofanova<\/li>\n<li>&emsp;&emsp; <\/li>\n<\/ul>\n<\/li>\n<p>  &nbsp;<\/p>\n<li><a href=\"https:\/\/stranijezici.ffzg.unizg.hr\/wp-content\/uploads\/2018\/10\/SJ_8_1-2_9.pdf\" target=\"_blank\"><strong>NAU\u010cNI FUNKCIONALNI STIL<\/strong><\/a> (str. 74-82)<\/li>\n<ul style=\"list-style-type:none\">\n<li>&emsp;&emsp; Palma Katalini\u0107-Udov\u010di\u0107<\/li>\n<li>&emsp;&emsp; <\/li>\n<\/ul>\n<\/li>\n<p>  &nbsp;<\/p>\n<li><a href=\"https:\/\/stranijezici.ffzg.unizg.hr\/wp-content\/uploads\/2018\/10\/SJ_8_1-2_10.pdf\" target=\"_blank\"><strong>JEZIK STRUKE<\/strong><\/a> (str. 83-86)<\/li>\n<ul style=\"list-style-type:none\">\n<li>&emsp;&emsp; Ksenija Rogo\u0161i\u0107<\/li>\n<li>&emsp;&emsp; <\/li>\n<\/ul>\n<\/li>\n<p>  &nbsp;<\/p>\n<li>\n<h3>\u017diva rije\u010d<\/h3>\n<\/li>\n<li><a href=\"https:\/\/stranijezici.ffzg.unizg.hr\/wp-content\/uploads\/2018\/10\/SJ_8_1-2_11.pdf\" target=\"_blank\"><strong> >>ICE BREAKERS<< OR HOW TO START UP A CONVERSATION<\/strong><\/a> (str. 87-91)<\/li>\n<ul style=\"list-style-type:none\">\n<li>&emsp;&emsp; Vesna Gliha<\/li>\n<li>&emsp;&emsp; <\/li>\n<\/ul>\n<\/li>\n<p>  &nbsp;<\/p>\n<li><a href=\"https:\/\/stranijezici.ffzg.unizg.hr\/wp-content\/uploads\/2018\/10\/SJ_8_1-2_12.pdf\" target=\"_blank\"><strong>COMMENT ROMPRE LA GLACE<\/strong><\/a> (str. 92-96)<\/li>\n<ul style=\"list-style-type:none\">\n<li>&emsp;&emsp; Annie Bouziques<\/li>\n<li>&emsp;&emsp; <\/li>\n<\/ul>\n<\/li>\n<p>  &nbsp;<\/p>\n<li><a href=\"https:\/\/stranijezici.ffzg.unizg.hr\/wp-content\/uploads\/2018\/10\/SJ_8_1-2_13.pdf\" target=\"_blank\"><strong>EISBRECHER<\/strong><\/a> (str. 96-102)<\/li>\n<ul style=\"list-style-type:none\">\n<li>&emsp;&emsp; Rolf Tauscher<\/li>\n<li>&emsp;&emsp; <\/li>\n<\/ul>\n<\/li>\n<p>  &nbsp;<\/p>\n<li><a href=\"https:\/\/stranijezici.ffzg.unizg.hr\/wp-content\/uploads\/2018\/10\/SJ_8_1-2_14.pdf\" target=\"_blank\"><strong>\u0414\u0430\u0432\u0430\u0439\u0442\u0435 \u043f\u043e\u0433\u043e\u0432\u043e\u0440\u0438\u043c!<\/strong><\/a> (str. 102-108)<\/li>\n<ul style=\"list-style-type:none\">\n<li>&emsp;&emsp;Lj. Gl. Aleksandrova , Milica Bukarica<\/li>\n<li>&emsp;&emsp; <\/li>\n<\/ul>\n<\/li>\n<p>  &nbsp;<\/p>\n<li><a href=\"https:\/\/stranijezici.ffzg.unizg.hr\/wp-content\/uploads\/2018\/10\/SJ_8_1-2_15.pdf\" target=\"_blank\"><strong>IN MEMORIAM: PROF. DR ANTUN POLAN\u0160\u0106AK<\/strong><\/a> (str. 109)<\/li>\n<ul style=\"list-style-type:none\">\n<li>&emsp;&emsp; A. Kova\u010dec<\/li>\n<li>&emsp;&emsp; <\/li>\n<\/ul>\n<\/li>\n<p>  &nbsp;<\/p>\n<li>\n<h3>Prikazi knjiga; Kronika<\/h3>\n<\/li>\n<li><a href=\"https:\/\/stranijezici.ffzg.unizg.hr\/wp-content\/uploads\/2018\/10\/SJ_8_1-2_00.pdf\" target=\"_blank\">Prikazi knjiga, Kronika<\/a> (str. 110-120)<\/li>\n<\/li>\n<\/ul>\n","protected":false},"excerpt":{"rendered":"<p>JEZIK STRUKE (str. 1) &emsp;&emsp; Stanko \u017depi\u0107 &emsp;&emsp; &nbsp; Lingvistika; Jezik struke TENDENCIJE RAZVOJA SUVREMENE TEORIJE VALENTNOSTI (str. 2-23) &emsp;&emsp; Gerhard Helbig, Leipzig\/DRNj &emsp;&emsp; &nbsp; STRU\u010cNI JEZICI I OP\u0106E JEZIK (str. 24-34) &emsp;&emsp; Rudolf Hoberg, Darmstadt\/SRNj &emsp;&emsp; &nbsp; JEZIK U FUNKCIJI STRUKE I NJEGOVA DIDAKTI\u010cKA PRIMJENA (str. 34-39) &emsp;&emsp; Ivana Batu\u0161i\u0107 &emsp;&emsp; &nbsp; TREBA LI &hellip; <\/p>\n<p class=\"link-more\"><a href=\"https:\/\/stranijezici.ffzg.unizg.hr\/index.php\/vol8n1-2\/\" class=\"more-link\">Continue reading<span class=\"screen-reader-text\"> &#8220;Vol 8. (1-2)&#8221;<\/span><\/a><\/p>\n","protected":false},"author":2,"featured_media":0,"parent":0,"menu_order":0,"comment_status":"closed","ping_status":"closed","template":"","meta":{"ngg_post_thumbnail":0,"footnotes":""},"class_list":["post-1191","page","type-page","status-publish","hentry"],"_links":{"self":[{"href":"https:\/\/stranijezici.ffzg.unizg.hr\/index.php\/wp-json\/wp\/v2\/pages\/1191","targetHints":{"allow":["GET"]}}],"collection":[{"href":"https:\/\/stranijezici.ffzg.unizg.hr\/index.php\/wp-json\/wp\/v2\/pages"}],"about":[{"href":"https:\/\/stranijezici.ffzg.unizg.hr\/index.php\/wp-json\/wp\/v2\/types\/page"}],"author":[{"embeddable":true,"href":"https:\/\/stranijezici.ffzg.unizg.hr\/index.php\/wp-json\/wp\/v2\/users\/2"}],"replies":[{"embeddable":true,"href":"https:\/\/stranijezici.ffzg.unizg.hr\/index.php\/wp-json\/wp\/v2\/comments?post=1191"}],"version-history":[{"count":8,"href":"https:\/\/stranijezici.ffzg.unizg.hr\/index.php\/wp-json\/wp\/v2\/pages\/1191\/revisions"}],"predecessor-version":[{"id":1195,"href":"https:\/\/stranijezici.ffzg.unizg.hr\/index.php\/wp-json\/wp\/v2\/pages\/1191\/revisions\/1195"}],"wp:attachment":[{"href":"https:\/\/stranijezici.ffzg.unizg.hr\/index.php\/wp-json\/wp\/v2\/media?parent=1191"}],"curies":[{"name":"wp","href":"https:\/\/api.w.org\/{rel}","templated":true}]}}