{"id":1127,"date":"2018-10-27T10:38:47","date_gmt":"2018-10-27T10:38:47","guid":{"rendered":"https:\/\/stranijezici.ffzg.unizg.hr\/?page_id=1127"},"modified":"2018-11-24T14:16:16","modified_gmt":"2018-11-24T14:16:16","slug":"vol7n3-4","status":"publish","type":"page","link":"https:\/\/stranijezici.ffzg.unizg.hr\/index.php\/vol7n3-4\/","title":{"rendered":"Vol 7. (3-4)"},"content":{"rendered":"<ul style=\"list-style-type:none\">\n<li><a href=\"https:\/\/stranijezici.ffzg.unizg.hr\/wp-content\/uploads\/2018\/10\/SJ_7_3-4_0.pdf\" target=\"_blank\"><strong>SAVJETOVANJE NASTAVNIKA STRANIH JEZIKA<\/strong><\/a> (str. 117-118)<\/li>\n<ul style=\"list-style-type:none\">\n<li>&emsp;&emsp; Damir Kalogjera<\/li>\n<li>&emsp;&emsp; <\/li>\n<\/ul>\n<\/li>\n<p>  &nbsp;<\/p>\n<li>\n<h3>Sa Savjetovanja nastavnika stranih jezika<\/h3>\n<\/li>\n<li><a href=\"https:\/\/stranijezici.ffzg.unizg.hr\/wp-content\/uploads\/2018\/10\/SJ_7_3-4_1.pdf\" target=\"_blank\"><strong>NEKI PROBLEMI OBJEKTIVNOG ISPITIVANJA I OCJENJIVANJA U NASTAVI STRANIH JEZIKA (TEZE IZLAGANJA)<\/strong><\/a> (str. 119-122)<\/li>\n<ul style=\"list-style-type:none\">\n<li>&emsp;&emsp; Dr Ivan Furlan<\/li>\n<li>&emsp;&emsp; <\/li>\n<\/ul>\n<\/li>\n<p>  &nbsp;<\/p>\n<li><a href=\"https:\/\/stranijezici.ffzg.unizg.hr\/wp-content\/uploads\/2018\/10\/SJ_7_3-4_2.pdf\" target=\"_blank\"><strong>ILUSTRACIJA OBJEKTIVNE PROCJENE ZNANJA U NASTAVI STRANIH JEZIKA<\/strong><\/a> (str. 122-132)<\/li>\n<ul style=\"list-style-type:none\">\n<li>&emsp;&emsp; Janka Beker<\/li>\n<li>&emsp;&emsp; <\/li>\n<\/ul>\n<\/li>\n<p>  &nbsp;<\/p>\n<li><a href=\"https:\/\/stranijezici.ffzg.unizg.hr\/wp-content\/uploads\/2018\/10\/SJ_7_3-4_3.pdf\" target=\"_blank\"><strong>PROCJENJIVANJE ZNANJA INTEGRATIVNIM TESTOVIMA U OSNOVNOJ \u0160KOLI<\/strong><\/a> (str. 132-136)<\/li>\n<ul style=\"list-style-type:none\">\n<li>&emsp;&emsp; Jasna Gotovac<\/li>\n<li>&emsp;&emsp; <\/li>\n<\/ul>\n<\/li>\n<p>  &nbsp;<\/p>\n<li><a href=\"https:\/\/stranijezici.ffzg.unizg.hr\/wp-content\/uploads\/2018\/10\/SJ_7_3-4_4.pdf\" target=\"_blank\"><strong>PROCJENJIVANJE ZNANJA U SREDNJOJ \u0160KOLI<\/strong><\/a> (str. 136-138)<\/li>\n<ul style=\"list-style-type:none\">\n<li>&emsp;&emsp; Nives Sironi\u0107-Bonefa\u010di\u0107<\/li>\n<li>&emsp;&emsp; <\/li>\n<\/ul>\n<\/li>\n<p>  &nbsp;<\/p>\n<li><a href=\"https:\/\/stranijezici.ffzg.unizg.hr\/wp-content\/uploads\/2018\/10\/SJ_7_3-4_5.pdf\" target=\"_blank\"><strong>ISKUSTVA U PROCJENJIVANJU ZNANJA U PRVE DVIJE GODINE STUDIJA STRANIH JEZIKA<\/strong><\/a> (str. 138-141)<\/li>\n<ul style=\"list-style-type:none\">\n<li>&emsp;&emsp; Ivana Vel\u010di\u0107<\/li>\n<li>&emsp;&emsp; <\/li>\n<\/ul>\n<\/li>\n<p>  &nbsp;<\/p>\n<li><a href=\"https:\/\/stranijezici.ffzg.unizg.hr\/wp-content\/uploads\/2018\/10\/SJ_7_3-4_6.pdf\" target=\"_blank\"><strong>OSVRT NA TESTOVE U PRVE DVIJE GODINE STUDIJA ENGLESKOG JEZIKA<\/strong><\/a> (str. 141-145)<\/li>\n<ul style=\"list-style-type:none\">\n<li>&emsp;&emsp; Stjepan Mari\u010di\u0107<\/li>\n<li>&emsp;&emsp; <\/li>\n<\/ul>\n<\/li>\n<p>  &nbsp;<\/p>\n<li><a href=\"https:\/\/stranijezici.ffzg.unizg.hr\/wp-content\/uploads\/2018\/10\/SJ_7_3-4_7.pdf\" target=\"_blank\"><strong>INDIVIDUALIZACIJA I ODGOJNOST U NASTAVI STRANIH JEZIKA<\/strong><\/a> (str. 146-147)<\/li>\n<ul style=\"list-style-type:none\">\n<li>&emsp;&emsp; Aleksandar Kolka<\/li>\n<li>&emsp;&emsp; <\/li>\n<\/ul>\n<\/li>\n<p>  &nbsp;<\/p>\n<li><a href=\"https:\/\/stranijezici.ffzg.unizg.hr\/wp-content\/uploads\/2018\/10\/SJ_7_3-4_7_2.pdf\" target=\"_blank\"><strong>INDIVIDUALIZACIJA I ODGOJNOST U NASTAVI STRANIH JEZIKA<\/strong><\/a> (str. 148-151)<\/li>\n<ul style=\"list-style-type:none\">\n<li>&emsp;&emsp; Mirjana Vilke<\/li>\n<li>&emsp;&emsp; <\/li>\n<\/ul>\n<\/li>\n<p>  &nbsp;<\/p>\n<li><a href=\"https:\/\/stranijezici.ffzg.unizg.hr\/wp-content\/uploads\/2018\/10\/SJ_7_3-4_8.pdf\" target=\"_blank\"><strong>ODGOJNOST I INTERES U\u010cENIKA, IZBOR I INTEGRACIJA RADNIH MATERIJALA<\/strong><\/a> (str. 151-155)<\/li>\n<ul style=\"list-style-type:none\">\n<li>&emsp;&emsp; Vesna Zeli\u0107, Jasna Bilini\u0107-Zubak, Ljerka Tomljenovi\u0107-Bi\u0161kupi\u0107<\/li>\n<li>&emsp;&emsp; <\/li>\n<\/ul>\n<\/li>\n<p>  &nbsp;<\/p>\n<li><a href=\"https:\/\/stranijezici.ffzg.unizg.hr\/wp-content\/uploads\/2018\/10\/SJ_7_3-4_9.pdf\" target=\"_blank\"><strong>ELEMENTI STRANE KULTURE U NASTAVI STRANIH JEZIKA<\/strong><\/a> (str. 156-158)<\/li>\n<ul style=\"list-style-type:none\">\n<li>&emsp;&emsp; Aleksandra Krstulovi\u0107<\/li>\n<li>&emsp;&emsp; <\/li>\n<\/ul>\n<\/li>\n<p>  &nbsp;<\/p>\n<li><a href=\"https:\/\/stranijezici.ffzg.unizg.hr\/wp-content\/uploads\/2018\/10\/SJ_7_3-4_10.pdf\" target=\"_blank\"><strong>ELEMENTI STRANE KULTURE U NASTAVI FRANCUSKOG JEZIKA<\/strong><\/a> (str. 158-160)<\/li>\n<ul style=\"list-style-type:none\">\n<li>&emsp;&emsp; Ivana Batu\u0161i\u0107<\/li>\n<li>&emsp;&emsp; <\/li>\n<\/ul>\n<\/li>\n<p>  &nbsp;<\/p>\n<li><a href=\"https:\/\/stranijezici.ffzg.unizg.hr\/wp-content\/uploads\/2018\/10\/SJ_7_3-4_11.pdf\" target=\"_blank\"><strong>ELEMENTI KULTURE I CIVILIZACIJE U NASTAVI RUSKOG JEZIKA<\/strong><\/a> (str. 160-162)<\/li>\n<ul style=\"list-style-type:none\">\n<li>&emsp;&emsp; Stanka Pavuna<\/li>\n<li>&emsp;&emsp; <\/li>\n<\/ul>\n<\/li>\n<p>  &nbsp;<\/p>\n<li>\n<h3>Lingvistika<\/h3>\n<\/li>\n<li><a href=\"https:\/\/stranijezici.ffzg.unizg.hr\/wp-content\/uploads\/2018\/10\/SJ_7_3-4_12.pdf\" target=\"_blank\"><strong>PRIJEDLOG ZA PRISTUP NEKIM OBLICIMA ODRE\u0110ENOG \u010cLANA<\/strong><\/a> (str. 163-166)<\/li>\n<ul style=\"list-style-type:none\">\n<li>&emsp;&emsp; Leonardo Spalatin<\/li>\n<li>&emsp;&emsp; <\/li>\n<\/ul>\n<\/li>\n<p>  &nbsp;<\/p>\n<li><a href=\"https:\/\/stranijezici.ffzg.unizg.hr\/wp-content\/uploads\/2018\/10\/SJ_7_3-4_13.pdf\" target=\"_blank\"><strong>SPECIFI\u010cAN NA\u010cIN IZRA\u017dAVANJA SOCIJATIVNOSTI U RUSKOM JEZIKU<\/strong><\/a> (str. 167-175)<\/li>\n<ul style=\"list-style-type:none\">\n<li>&emsp;&emsp; Radmilo Marojevi\u0107<\/li>\n<li>&emsp;&emsp; <\/li>\n<\/ul>\n<\/li>\n<p>  &nbsp;<\/p>\n<li><a href=\"https:\/\/stranijezici.ffzg.unizg.hr\/wp-content\/uploads\/2018\/10\/SJ_7_3-4_14.pdf\" target=\"_blank\"><strong>O SLIKOVITOM IZRA\u017dAVANJU<\/strong><\/a> (str. 175-182)<\/li>\n<ul style=\"list-style-type:none\">\n<li>&emsp;&emsp; Dora Ma\u010dek-Riffer<\/li>\n<li>&emsp;&emsp; <\/li>\n<\/ul>\n<\/li>\n<p>  &nbsp;<\/p>\n<li><a href=\"https:\/\/stranijezici.ffzg.unizg.hr\/wp-content\/uploads\/2018\/10\/SJ_7_3-4_15.pdf\" target=\"_blank\"><strong>PARTICIPIJALNE KONSTRUKCIJE U FUNKCIJI DODATKA U NJEMA\u010cKOM I HRVATSKOM ILI SRPSKOM JEZIKU<\/strong><\/a> (str. 182-189)<\/li>\n<ul style=\"list-style-type:none\">\n<li>&emsp;&emsp; Velimir Petrovi\u0107<\/li>\n<li>&emsp;&emsp; <\/li>\n<\/ul>\n<\/li>\n<p>  &nbsp;<\/p>\n<li><a href=\"https:\/\/stranijezici.ffzg.unizg.hr\/wp-content\/uploads\/2018\/10\/SJ_7_3-4_16.pdf\" target=\"_blank\"><strong>O NOVOJ REGULACIJI PISANJA VELIKOG I MALOG SLOVA U OKVIRU REFORME NJEMA\u010cKOG PRAVOPISA<\/strong><\/a> (str. 189-197)<\/li>\n<ul style=\"list-style-type:none\">\n<li>&emsp;&emsp; Dieter Nerius<\/li>\n<li>&emsp;&emsp; <\/li>\n<\/ul>\n<\/li>\n<p>  &nbsp;<\/p>\n<li>\n<h3>Metodika<\/h3>\n<\/li>\n<li><a href=\"https:\/\/stranijezici.ffzg.unizg.hr\/wp-content\/uploads\/2018\/10\/SJ_7_3-4_17.pdf\" target=\"_blank\"><strong>TIPOVI POGRE\u0160AKA U ENGLESKOM JEZIKU KOD U\u010cENIKA MLA\u0110E DOBI<\/strong><\/a> (str. 198-201)<\/li>\n<ul style=\"list-style-type:none\">\n<li>&emsp;&emsp; Elvira Petrovi\u0107<\/li>\n<li>&emsp;&emsp; <\/li>\n<\/ul>\n<\/li>\n<p>  &nbsp;<\/p>\n<li><a href=\"https:\/\/stranijezici.ffzg.unizg.hr\/wp-content\/uploads\/2018\/10\/SJ_7_3-4_18.pdf\" target=\"_blank\"><strong>INDIVIDUALIZIRANA NASTAVA STRANOG<\/strong><\/a> (str. 201-209)<\/li>\n<ul style=\"list-style-type:none\">\n<li>&emsp;&emsp; Howard B. Altman<\/li>\n<li>&emsp;&emsp; <\/li>\n<\/ul>\n<\/li>\n<p>  &nbsp;<\/p>\n<li>\n<h3>Iz strane stru\u010dne literature<\/h3>\n<\/li>\n<li><a href=\"https:\/\/stranijezici.ffzg.unizg.hr\/wp-content\/uploads\/2018\/10\/SJ_7_3-4_19.pdf\" target=\"_blank\"><strong>RAZVIJANJE KOMUNIKATIVNE SPOSOBNOSTI<\/strong><\/a> (str. 210-218)<\/li>\n<ul style=\"list-style-type:none\">\n<li>&emsp;&emsp; Mary Finocchiaro<\/li>\n<li>&emsp;&emsp; <\/li>\n<\/ul>\n<\/li>\n<p>  &nbsp;<\/p>\n<li><a href=\"https:\/\/stranijezici.ffzg.unizg.hr\/wp-content\/uploads\/2018\/10\/SJ_7_3-4_20.pdf\" target=\"_blank\"><strong>MINI VJE\u017dBE IZ STRIPOVA<\/strong><\/a> (str. 218-225)<\/li>\n<ul style=\"list-style-type:none\">\n<li>&emsp;&emsp; Betty K. Taska<\/li>\n<li>&emsp;&emsp; <\/li>\n<\/ul>\n<\/li>\n<p>  &nbsp;<\/p>\n<li>\n<h3>\u017diva rije\u010d<\/h3>\n<\/li>\n<li><a href=\"https:\/\/stranijezici.ffzg.unizg.hr\/wp-content\/uploads\/2018\/10\/SJ_7_3-4_21.pdf\" target=\"_blank\"><strong>POLITE FORMS OF ADDRESS<\/strong><\/a> (str. 226-230)<\/li>\n<ul style=\"list-style-type:none\">\n<li>&emsp;&emsp; Bo\u017eica Brekalo<\/li>\n<li>&emsp;&emsp; <\/li>\n<\/ul>\n<\/li>\n<p>  &nbsp;<\/p>\n<li><a href=\"https:\/\/stranijezici.ffzg.unizg.hr\/wp-content\/uploads\/2018\/10\/SJ_7_3-4_22.pdf\" target=\"_blank\"><strong>COMMENT \u00c9CRIRE UNE LETTRE<\/strong><\/a> (str. 231-237)<\/li>\n<ul style=\"list-style-type:none\">\n<li>&emsp;&emsp; Bo\u017eena Vorkapi\u0107<\/li>\n<li>&emsp;&emsp; <\/li>\n<\/ul>\n<\/li>\n<p>  &nbsp;<\/p>\n<li><a href=\"https:\/\/stranijezici.ffzg.unizg.hr\/wp-content\/uploads\/2018\/10\/SJ_7_3-4_23.pdf\" target=\"_blank\"><strong>H\u00d6FLICHKEITSFORMELN IN DER KORRESPONDENZ<\/strong><\/a> (str. 237-242)<\/li>\n<ul style=\"list-style-type:none\">\n<li>&emsp;&emsp; Gabriele Kroke-\u0160pehar<\/li>\n<li>&emsp;&emsp; <\/li>\n<\/ul>\n<\/li>\n<p>  &nbsp;<\/p>\n<li>\n<h3>Na\u0161a iskustva<\/h3>\n<\/li>\n<li><a href=\"https:\/\/stranijezici.ffzg.unizg.hr\/wp-content\/uploads\/2018\/10\/SJ_7_3-4_24.pdf\" target=\"_blank\"><strong>NEKE SUGESTIJE ZA KORI\u0160TENJE FILMA U NASTAVI STRANIH JEZIKA NA ZAVR\u0160NOM STUPNJU SREDNJEG OBRAZOVANJA<\/strong><\/a> (str. 243-247)<\/li>\n<ul style=\"list-style-type:none\">\n<li>&emsp;&emsp; Mira Klepa\u010d<\/li>\n<li>&emsp;&emsp; <\/li>\n<\/ul>\n<\/li>\n<p>  &nbsp;<\/p>\n<li><a href=\"https:\/\/stranijezici.ffzg.unizg.hr\/wp-content\/uploads\/2018\/10\/SJ_7_3-4_25.pdf\" target=\"_blank\"><strong>RAZGOVOR O UMETNI\u010cKOM FILMU NA SATU RUSKOG JEZIKA U OSNOVNOJ \u0160KOLI<\/strong><\/a> (str. 247-249)<\/li>\n<ul style=\"list-style-type:none\">\n<li>&emsp;&emsp; Momir Krsti\u0107<\/li>\n<li>&emsp;&emsp; <\/li>\n<\/ul>\n<\/li>\n<p>  &nbsp;<\/p>\n<li>\n<h3>Prikazi knjiga; Kronika<\/h3>\n<\/li>\n<li><a href=\"https:\/\/stranijezici.ffzg.unizg.hr\/wp-content\/uploads\/2018\/10\/SJ_7_3-4_00.pdf\" target=\"_blank\">Prikazi knjiga, Kronika<\/a> (str. 250-260)<\/li>\n<\/li>\n<\/ul>\n","protected":false},"excerpt":{"rendered":"<p>SAVJETOVANJE NASTAVNIKA STRANIH JEZIKA (str. 117-118) &emsp;&emsp; Damir Kalogjera &emsp;&emsp; &nbsp; Sa Savjetovanja nastavnika stranih jezika NEKI PROBLEMI OBJEKTIVNOG ISPITIVANJA I OCJENJIVANJA U NASTAVI STRANIH JEZIKA (TEZE IZLAGANJA) (str. 119-122) &emsp;&emsp; Dr Ivan Furlan &emsp;&emsp; &nbsp; ILUSTRACIJA OBJEKTIVNE PROCJENE ZNANJA U NASTAVI STRANIH JEZIKA (str. 122-132) &emsp;&emsp; Janka Beker &emsp;&emsp; &nbsp; PROCJENJIVANJE ZNANJA INTEGRATIVNIM TESTOVIMA &hellip; <\/p>\n<p class=\"link-more\"><a href=\"https:\/\/stranijezici.ffzg.unizg.hr\/index.php\/vol7n3-4\/\" class=\"more-link\">Continue reading<span class=\"screen-reader-text\"> &#8220;Vol 7. (3-4)&#8221;<\/span><\/a><\/p>\n","protected":false},"author":2,"featured_media":0,"parent":0,"menu_order":0,"comment_status":"closed","ping_status":"closed","template":"","meta":{"ngg_post_thumbnail":0,"footnotes":""},"class_list":["post-1127","page","type-page","status-publish","hentry"],"_links":{"self":[{"href":"https:\/\/stranijezici.ffzg.unizg.hr\/index.php\/wp-json\/wp\/v2\/pages\/1127","targetHints":{"allow":["GET"]}}],"collection":[{"href":"https:\/\/stranijezici.ffzg.unizg.hr\/index.php\/wp-json\/wp\/v2\/pages"}],"about":[{"href":"https:\/\/stranijezici.ffzg.unizg.hr\/index.php\/wp-json\/wp\/v2\/types\/page"}],"author":[{"embeddable":true,"href":"https:\/\/stranijezici.ffzg.unizg.hr\/index.php\/wp-json\/wp\/v2\/users\/2"}],"replies":[{"embeddable":true,"href":"https:\/\/stranijezici.ffzg.unizg.hr\/index.php\/wp-json\/wp\/v2\/comments?post=1127"}],"version-history":[{"count":8,"href":"https:\/\/stranijezici.ffzg.unizg.hr\/index.php\/wp-json\/wp\/v2\/pages\/1127\/revisions"}],"predecessor-version":[{"id":1158,"href":"https:\/\/stranijezici.ffzg.unizg.hr\/index.php\/wp-json\/wp\/v2\/pages\/1127\/revisions\/1158"}],"wp:attachment":[{"href":"https:\/\/stranijezici.ffzg.unizg.hr\/index.php\/wp-json\/wp\/v2\/media?parent=1127"}],"curies":[{"name":"wp","href":"https:\/\/api.w.org\/{rel}","templated":true}]}}