{"id":1126,"date":"2018-10-27T10:38:38","date_gmt":"2018-10-27T10:38:38","guid":{"rendered":"https:\/\/stranijezici.ffzg.unizg.hr\/?page_id=1126"},"modified":"2018-11-27T00:11:12","modified_gmt":"2018-11-27T00:11:12","slug":"vol7n1-2","status":"publish","type":"page","link":"https:\/\/stranijezici.ffzg.unizg.hr\/index.php\/vol7n1-2\/","title":{"rendered":"Vol 7. (1-2)"},"content":{"rendered":"<ul style=\"list-style-type:none\">\n<li>\n<h3>Lingvistika<\/h3>\n<\/li>\n<li><a href=\"https:\/\/stranijezici.ffzg.unizg.hr\/wp-content\/uploads\/2018\/10\/SJ_7_1-2_0.pdf\" target=\"_blank\"><strong>\u010cASOPIS I JEZI\u010cNI STRU\u010cNJAK<\/strong><\/a> (str. 1-2)<\/li>\n<ul style=\"list-style-type:none\">\n<li>&emsp;&emsp; Damir Kalogjera<\/li>\n<li>&emsp;&emsp; <\/li>\n<\/ul>\n<\/li>\n<p>  &nbsp;<\/p>\n<li><a href=\"https:\/\/stranijezici.ffzg.unizg.hr\/wp-content\/uploads\/2018\/10\/SJ_7_1-2_1.pdf\" target=\"_blank\"><strong>KOJU GRAMATIKU TREBA PREDAVATI?<\/strong><\/a> (str. 3-6)<\/li>\n<ul style=\"list-style-type:none\">\n<li>&emsp;&emsp; Olga Mi\u0161eska Tomi\u0107<\/li>\n<li>&emsp;&emsp; <\/li>\n<\/ul>\n<\/li>\n<p>  &nbsp;<\/p>\n<li><a href=\"https:\/\/stranijezici.ffzg.unizg.hr\/wp-content\/uploads\/2018\/10\/SJ_7_1-2_2.pdf\" target=\"_blank\"><strong>PREPOZICIJALNA GRUPA KAO DOPUNA IMENICE U NJEMA\u010cKOM I HRVATSKOM ILI SRPSKOM JEZIKU <\/strong><\/a> (str. 6-13)<\/li>\n<ul style=\"list-style-type:none\">\n<li>&emsp;&emsp; Velimir Petrovi\u0107<\/li>\n<li>&emsp;&emsp; <\/li>\n<\/ul>\n<\/li>\n<p>  &nbsp;<\/p>\n<li><a href=\"https:\/\/stranijezici.ffzg.unizg.hr\/wp-content\/uploads\/2018\/10\/SJ_7_1-2_3.pdf\" target=\"_blank\"><strong>DIDAKTOLINGVISTI\u010cKO ODRE\u0110IVANJE GOVORNIH JEDINICA(\u0414\u0418\u0414\u0410\u041a\u0422\u041e\u041b\u0418\u041d\u0413\u0412\u0418\u0421\u0422\u0418\u0427\u041a\u041e \u041e\u0414\u0420\u0415\u0462\u0418\u0412\u0410\u041d\u042c\u0415 \u0413\u041e\u0412\u041e\u0420\u041d\u0418\u0425 J\u0415\u0414\u0418\u041d\u0418\u0426\u0410*)<\/strong><\/a> (str. )<\/li>\n<ul style=\"list-style-type:none\">\n<li>&emsp;&emsp; \u0414\u0440 \u041a\u0430\u0437u\u043cu\u0440 \u0412u\u0441\u043a\u043e\u0432u\u045b<\/li>\n<li>&emsp;&emsp; <\/li>\n<\/ul>\n<\/li>\n<p>  &nbsp;<\/p>\n<li><a href=\"https:\/\/stranijezici.ffzg.unizg.hr\/wp-content\/uploads\/2018\/10\/SJ_7_1-2_4.pdf\" target=\"_blank\"><strong>RITAM KAO ELEMENT U\u010cENJA GOVORA<\/strong><\/a> (str. 20-25)<\/li>\n<ul style=\"list-style-type:none\">\n<li>&emsp;&emsp; Dunja Gojkovi\u0107<\/li>\n<li>&emsp;&emsp; <\/li>\n<\/ul>\n<\/li>\n<p>  &nbsp;<\/p>\n<li>\n<h3>Metodika<\/h3>\n<\/li>\n<li><a href=\"https:\/\/stranijezici.ffzg.unizg.hr\/wp-content\/uploads\/2018\/10\/SJ_7_1-2_5.pdf\" target=\"_blank\"><strong>U OBRANU PRIJEVODA U NASTAVI<\/strong><\/a> (str. 26-30)<\/li>\n<ul style=\"list-style-type:none\">\n<li>&emsp;&emsp; Mira Vlatkovi\u0107<\/li>\n<li>&emsp;&emsp; <\/li>\n<\/ul>\n<\/li>\n<p>  &nbsp;<\/p>\n<li><a href=\"https:\/\/stranijezici.ffzg.unizg.hr\/wp-content\/uploads\/2018\/10\/SJ_7_1-2_6.pdf\" target=\"_blank\"><strong>TEMA I SITUACIJA U NASTAVI JEZIKA<\/strong><\/a> (str. 31-37)<\/li>\n<ul style=\"list-style-type:none\">\n<li>&emsp;&emsp; Miho Skljarov<\/li>\n<li>&emsp;&emsp; <\/li>\n<\/ul>\n<\/li>\n<p>  &nbsp;<\/p>\n<li>\n<h3>Iz strane stru\u010dne literature<\/h3>\n<\/li>\n<li><a href=\"https:\/\/stranijezici.ffzg.unizg.hr\/wp-content\/uploads\/2018\/10\/SJ_7_1-2_7.pdf\" target=\"_blank\"><strong>U\u010cENJE VOKABULARA U NASTAVI STRANIH JEZIKA<\/strong><\/a> (str. 38-48)<\/li>\n<ul style=\"list-style-type:none\">\n<li>&emsp;&emsp; Rudolf Hoberg, Darmstadt<\/li>\n<li>&emsp;&emsp; <\/li>\n<\/ul>\n<\/li>\n<p>  &nbsp;<\/p>\n<li>\n<h3>Kultura i civilizacija<\/h3>\n<\/li>\n<li><a href=\"https:\/\/stranijezici.ffzg.unizg.hr\/wp-content\/uploads\/2018\/10\/SJ_7_1-2_8.pdf\" target=\"_blank\"><strong>O LEKSIKU U NASTAVI STRANIH JEZIKA<\/strong><\/a> (str. 49-55)<\/li>\n<ul style=\"list-style-type:none\">\n<li>&emsp;&emsp; Aleksandar Kolka<\/li>\n<li>&emsp;&emsp; <\/li>\n<\/ul>\n<\/li>\n<p>  &nbsp;<\/p>\n<li>\n<h3>\u017diva rije\u010d<\/h3>\n<\/li>\n<li><a href=\"https:\/\/stranijezici.ffzg.unizg.hr\/wp-content\/uploads\/2018\/10\/SJ_7_1-2_9.pdf\" target=\"_blank\"><strong>NURSERY RHYMES<\/strong><\/a> (str. 56-59)<\/li>\n<ul style=\"list-style-type:none\">\n<li>&emsp;&emsp; Damir Kalogjera<\/li>\n<li>&emsp;&emsp; <\/li>\n<\/ul>\n<\/li>\n<p>  &nbsp;<\/p>\n<li><a href=\"https:\/\/stranijezici.ffzg.unizg.hr\/wp-content\/uploads\/2018\/10\/SJ_7_1-2_10.pdf\" target=\"_blank\"><strong>CHANSONS FRAN\u00c7AISES ET R\u00c9CITATIONS<\/strong><\/a> (str. 59-61)<\/li>\n<ul style=\"list-style-type:none\">\n<li>&emsp;&emsp; \u017deljka Horvat<\/li>\n<li>&emsp;&emsp; <\/li>\n<\/ul>\n<\/li>\n<p>  &nbsp;<\/p>\n<li><a href=\"https:\/\/stranijezici.ffzg.unizg.hr\/wp-content\/uploads\/2018\/10\/SJ_7_1-2_11.pdf\" target=\"_blank\"><strong>KINDERLIEDER<\/strong><\/a> (str. 61-63)<\/li>\n<ul style=\"list-style-type:none\">\n<li>&emsp;&emsp; Stanko \u017depi\u0107<\/li>\n<li>&emsp;&emsp; <\/li>\n<\/ul>\n<\/li>\n<p>  &nbsp;<\/p>\n<li><a href=\"https:\/\/stranijezici.ffzg.unizg.hr\/wp-content\/uploads\/2018\/10\/SJ_7_1-2_12.pdf\" target=\"_blank\"><strong>\u0420y\u0441\u043a\u0438\u0435 \u043f\u0435\u0441\u0435\u043d\u0438 &#8211; \u043f\u043e\u0442\u0435\u0448\u043a\u0438 \u0438 \u0441\u043a\u043e\u0440\u043e\u0433\u043e\u0432\u043e\u0440\u043a\u0438<\/strong><\/a> (str. 63-65)<\/li>\n<ul style=\"list-style-type:none\">\n<li>&emsp;&emsp; Radomir Venturin<\/li>\n<li>&emsp;&emsp; <\/li>\n<\/ul>\n<\/li>\n<p>  &nbsp;<\/p>\n<li><a href=\"https:\/\/stranijezici.ffzg.unizg.hr\/wp-content\/uploads\/2018\/10\/SJ_7_1-2_13.pdf\" target=\"_blank\"><strong>CANZONCINE PER I PI\u00d9 PICCINI<\/strong><\/a> (str. 66-67)<\/li>\n<ul style=\"list-style-type:none\">\n<li>&emsp;&emsp; Edo Dermit<\/li>\n<li>&emsp;&emsp; <\/li>\n<\/ul>\n<\/li>\n<p>  &nbsp;<\/p>\n<li><a href=\"https:\/\/stranijezici.ffzg.unizg.hr\/wp-content\/uploads\/2018\/10\/SJ_7_1-2_14.pdf\" target=\"_blank\"><strong>A LEXICAL NOTE FROM A TRIP TO U.S.A.<\/strong><\/a> (str. 67-69)<\/li>\n<ul style=\"list-style-type:none\">\n<li>&emsp;&emsp; Damir Kalogjera<\/li>\n<li>&emsp;&emsp; <\/li>\n<\/ul>\n<\/li>\n<p>  &nbsp;<\/p>\n<li>\n<h3>Iz knji\u017eevnosti i kulture<\/h3>\n<\/li>\n<li><a href=\"https:\/\/stranijezici.ffzg.unizg.hr\/wp-content\/uploads\/2018\/10\/SJ_7_1-2_15.pdf\" target=\"_blank\"><strong> >>DER BUTT<< - NOVI ROMAN G\u00dcNTERA GRASSA<\/strong><\/a> (str. 70-72)<\/li>\n<ul style=\"list-style-type:none\">\n<li>&emsp;&emsp; Dragutin Horvat<\/li>\n<li>&emsp;&emsp; <\/li>\n<\/ul>\n<\/li>\n<p>  &nbsp;<\/p>\n<li><a href=\"https:\/\/stranijezici.ffzg.unizg.hr\/wp-content\/uploads\/2018\/10\/SJ_7_1-2_16.pdf\" target=\"_blank\"><strong>SUVREMENA SOVJETSKA PROZA<\/strong><\/a> (str. 72-74)<\/li>\n<ul style=\"list-style-type:none\">\n<li>&emsp;&emsp; Dubravka Ugre\u0161i\u0107<\/li>\n<li>&emsp;&emsp; <\/li>\n<\/ul>\n<\/li>\n<p>  &nbsp;<\/p>\n<li>\n<h3>Na\u0161a iskustva<\/h3>\n<\/li>\n<li><a href=\"https:\/\/stranijezici.ffzg.unizg.hr\/wp-content\/uploads\/2018\/10\/SJ_7_1-2_17.pdf\" target=\"_blank\"><strong>PRIMJER OBRADE NA\u0160E DRU\u0160TVENE I POLITI\u010cKE TERMINOLOGIJE NA ENGLESKOM JEZIKU<\/strong><\/a> (str. 75-78)<\/li>\n<ul style=\"list-style-type:none\">\n<li>&emsp;&emsp; Milica Ga\u010di\u0107<\/li>\n<li>&emsp;&emsp; <\/li>\n<\/ul>\n<\/li>\n<p>  &nbsp;<\/p>\n<li><a href=\"https:\/\/stranijezici.ffzg.unizg.hr\/wp-content\/uploads\/2018\/10\/SJ_7_1-2_18.pdf\" target=\"_blank\"><strong>RAD S MAGNETOFONOM U TE\u010cAJEVIMA ENGLESKOG JEZIKA ZA PRED\u0160KOLSKU DJECU<\/strong><\/a> (str. 78-79)<\/li>\n<ul style=\"list-style-type:none\">\n<li>&emsp;&emsp; Miljenka Demel<\/li>\n<li>&emsp;&emsp; <\/li>\n<\/ul>\n<\/li>\n<p>  &nbsp;<\/p>\n<li><a href=\"https:\/\/stranijezici.ffzg.unizg.hr\/wp-content\/uploads\/2018\/10\/SJ_7_1-2_19.pdf\" target=\"_blank\"><strong>OBRADA I EKSPLOATACIJE PJESME >>SUR LE PONT D&#8217;AVIGNON<< U NI\u017dIM RAZREDIMA OSNOVNE \u0160KOLE<\/strong><\/a> (str. 80)<\/li>\n<ul style=\"list-style-type:none\">\n<li>&emsp;&emsp; \u017deljka Horvat<\/li>\n<li>&emsp;&emsp; <\/li>\n<\/ul>\n<\/li>\n<p>  &nbsp;<\/p>\n<li><a href=\"https:\/\/stranijezici.ffzg.unizg.hr\/wp-content\/uploads\/2018\/10\/SJ_7_1-2_20.pdf\" target=\"_blank\"><strong>ORGANIZACIJA PRVOG SATA NASTAVE STRANOG JEZIKA<\/strong><\/a> (str. 81-82)<\/li>\n<ul style=\"list-style-type:none\">\n<li>&emsp;&emsp; Dora Bali\u0107-\u017duni\u0107<\/li>\n<li>&emsp;&emsp; <\/li>\n<\/ul>\n<\/li>\n<p>  &nbsp;<\/p>\n<li><a href=\"https:\/\/stranijezici.ffzg.unizg.hr\/wp-content\/uploads\/2018\/10\/SJ_7_1-2_21.pdf\" target=\"_blank\"><strong>JEDNA NATJECATELJSKA IGRA U NASTAVI NJEMA\u010cKOG JEZIKA<\/strong><\/a> (str. 82-83)<\/li>\n<ul style=\"list-style-type:none\">\n<li>&emsp;&emsp; Dora Bali\u0107-\u017duni\u0107<\/li>\n<li>&emsp;&emsp; <\/li>\n<\/ul>\n<\/li>\n<p>  &nbsp;<\/p>\n<li>\n<h3>Malo lingvisti\u010dkog humora<\/h3>\n<\/li>\n<li><a href=\"https:\/\/stranijezici.ffzg.unizg.hr\/wp-content\/uploads\/2018\/10\/SJ_7_1-2_22.pdf\" target=\"_blank\"><strong>NOVO U GASTROLINGVISTICI<\/strong><\/a> (str. 84-87)<\/li>\n<ul style=\"list-style-type:none\">\n<li>&emsp;&emsp; Helmut M\u00fcller<\/li>\n<li>&emsp;&emsp; <\/li>\n<\/ul>\n<\/li>\n<p>  &nbsp;<\/p>\n<li>\n<h3>Prikazi knjiga; Prikazi stranih knjiga; Kronika; Vijesti<\/h3>\n<\/li>\n<li><a href=\"https:\/\/stranijezici.ffzg.unizg.hr\/wp-content\/uploads\/2018\/10\/SJ_7_1-2_0023.pdf\" target=\"_blank\">Prikazi knjiga, Prikazi stranih \u010dasopisa, Kronika, Vijesti<\/a> (str. 88-116)<\/li>\n<\/li>\n<\/ul>\n","protected":false},"excerpt":{"rendered":"<p>Lingvistika \u010cASOPIS I JEZI\u010cNI STRU\u010cNJAK (str. 1-2) &emsp;&emsp; Damir Kalogjera &emsp;&emsp; &nbsp; KOJU GRAMATIKU TREBA PREDAVATI? (str. 3-6) &emsp;&emsp; Olga Mi\u0161eska Tomi\u0107 &emsp;&emsp; &nbsp; PREPOZICIJALNA GRUPA KAO DOPUNA IMENICE U NJEMA\u010cKOM I HRVATSKOM ILI SRPSKOM JEZIKU (str. 6-13) &emsp;&emsp; Velimir Petrovi\u0107 &emsp;&emsp; &nbsp; DIDAKTOLINGVISTI\u010cKO ODRE\u0110IVANJE GOVORNIH JEDINICA(\u0414\u0418\u0414\u0410\u041a\u0422\u041e\u041b\u0418\u041d\u0413\u0412\u0418\u0421\u0422\u0418\u0427\u041a\u041e \u041e\u0414\u0420\u0415\u0462\u0418\u0412\u0410\u041d\u042c\u0415 \u0413\u041e\u0412\u041e\u0420\u041d\u0418\u0425 J\u0415\u0414\u0418\u041d\u0418\u0426\u0410*) (str. ) &emsp;&emsp; \u0414\u0440 \u041a\u0430\u0437u\u043cu\u0440 &hellip; <\/p>\n<p class=\"link-more\"><a href=\"https:\/\/stranijezici.ffzg.unizg.hr\/index.php\/vol7n1-2\/\" class=\"more-link\">Continue reading<span class=\"screen-reader-text\"> &#8220;Vol 7. (1-2)&#8221;<\/span><\/a><\/p>\n","protected":false},"author":2,"featured_media":0,"parent":0,"menu_order":0,"comment_status":"closed","ping_status":"closed","template":"","meta":{"ngg_post_thumbnail":0,"footnotes":""},"class_list":["post-1126","page","type-page","status-publish","hentry"],"_links":{"self":[{"href":"https:\/\/stranijezici.ffzg.unizg.hr\/index.php\/wp-json\/wp\/v2\/pages\/1126","targetHints":{"allow":["GET"]}}],"collection":[{"href":"https:\/\/stranijezici.ffzg.unizg.hr\/index.php\/wp-json\/wp\/v2\/pages"}],"about":[{"href":"https:\/\/stranijezici.ffzg.unizg.hr\/index.php\/wp-json\/wp\/v2\/types\/page"}],"author":[{"embeddable":true,"href":"https:\/\/stranijezici.ffzg.unizg.hr\/index.php\/wp-json\/wp\/v2\/users\/2"}],"replies":[{"embeddable":true,"href":"https:\/\/stranijezici.ffzg.unizg.hr\/index.php\/wp-json\/wp\/v2\/comments?post=1126"}],"version-history":[{"count":9,"href":"https:\/\/stranijezici.ffzg.unizg.hr\/index.php\/wp-json\/wp\/v2\/pages\/1126\/revisions"}],"predecessor-version":[{"id":1447,"href":"https:\/\/stranijezici.ffzg.unizg.hr\/index.php\/wp-json\/wp\/v2\/pages\/1126\/revisions\/1447"}],"wp:attachment":[{"href":"https:\/\/stranijezici.ffzg.unizg.hr\/index.php\/wp-json\/wp\/v2\/media?parent=1126"}],"curies":[{"name":"wp","href":"https:\/\/api.w.org\/{rel}","templated":true}]}}