{"id":1099,"date":"2018-10-22T12:59:12","date_gmt":"2018-10-22T12:59:12","guid":{"rendered":"https:\/\/stranijezici.ffzg.unizg.hr\/?page_id=1099"},"modified":"2018-11-27T00:00:24","modified_gmt":"2018-11-27T00:00:24","slug":"vol6n3-4","status":"publish","type":"page","link":"https:\/\/stranijezici.ffzg.unizg.hr\/index.php\/vol6n3-4\/","title":{"rendered":"Vol 6. (3-4)"},"content":{"rendered":"<ul style=\"list-style-type:none\">\n<li>\n<h3>Lingvistika<\/h3>\n<\/li>\n<li><a href=\"https:\/\/stranijezici.ffzg.unizg.hr\/wp-content\/uploads\/2018\/10\/sj6_3-4_str129-139.pdf\" target=\"_blank\"><strong>ANALIZA GRE\u0160AKA U PREVO\u0110ENJU SA SRPSKOHRVATSKOG NA ENGLESKI JEZIK<\/strong><\/a> (str. 129-139)<\/li>\n<ul style=\"list-style-type:none\">\n<li>&emsp;&emsp; Ljiljana Bibovi\u0107<\/li>\n<li>&emsp;&emsp; <\/li>\n<\/ul>\n<\/li>\n<p>  &nbsp;<\/p>\n<li><a href=\"https:\/\/stranijezici.ffzg.unizg.hr\/wp-content\/uploads\/2018\/10\/sj6_3-4_str139-148.pdf\" target=\"_blank\"><strong>O PROBLEMATICI TVORBE RIJE\u010cI<\/strong><\/a> (str. 139-148)<\/li>\n<ul style=\"list-style-type:none\">\n<li>&emsp;&emsp; Pavao Tekav\u010di\u0107<\/li>\n<li>&emsp;&emsp; <\/li>\n<\/ul>\n<\/li>\n<p>  &nbsp;<\/p>\n<li><a href=\"https:\/\/stranijezici.ffzg.unizg.hr\/wp-content\/uploads\/2018\/10\/sj6_3-4_str148-167.pdf\" target=\"_blank\"><strong>RE\u010cENICA KAO KOMUNIKATIVNA I FUNKCIONALNA JEDINICA<\/strong><\/a> (str. 148-167)<\/li>\n<ul style=\"list-style-type:none\">\n<li>&emsp;&emsp; Miho Skljarov<\/li>\n<li>&emsp;&emsp; <\/li>\n<\/ul>\n<\/li>\n<p>  &nbsp;<\/p>\n<li><a href=\"https:\/\/stranijezici.ffzg.unizg.hr\/wp-content\/uploads\/2018\/10\/sj6_3-4_str167-175.pdf\" target=\"_blank\"><strong>POKU\u0160AJ KLASIFIKACIJE POGODBENIH RE\u010cENICE<\/strong><\/a> (str. 167-175)<\/li>\n<ul style=\"list-style-type:none\">\n<li>&emsp;&emsp; Mirko Gojmerac<\/li>\n<li>&emsp;&emsp; <\/li>\n<\/ul>\n<\/li>\n<p>  &nbsp;<\/p>\n<li><a href=\"https:\/\/stranijezici.ffzg.unizg.hr\/wp-content\/uploads\/2018\/10\/sj6_3-4_str176-184.pdf\" target=\"_blank\"><strong>GLAGOLI KRETANJA BEZ PREFIKSA U RUSKOM JEZIKU<\/strong><\/a> (str. 176-184)<\/li>\n<ul style=\"list-style-type:none\">\n<li>&emsp;&emsp; Vu\u010dina Rai\u010devi\u0107<\/li>\n<li>&emsp;&emsp; <\/li>\n<\/ul>\n<\/li>\n<p>  &nbsp;<\/p>\n<li>\n<h3>Metodika<\/h3>\n<\/li>\n<li><a href=\"https:\/\/stranijezici.ffzg.unizg.hr\/wp-content\/uploads\/2018\/10\/sj6_3-4_str185-190.pdf\" target=\"_blank\"><strong>SASTAVLJANJE PROGRAMA I NASTAVNIH MATERIJALA NA FUNKCIONALNOM PRISTUPU<\/strong><\/a> (str. 185-190)<\/li>\n<ul style=\"list-style-type:none\">\n<li>&emsp;&emsp; Keith Johnson<\/li>\n<li>&emsp;&emsp; <\/li>\n<\/ul>\n<\/li>\n<p>  &nbsp;<\/p>\n<li><a href=\"https:\/\/stranijezici.ffzg.unizg.hr\/wp-content\/uploads\/2018\/10\/sj6_3-4_str191-195.pdf\" target=\"_blank\"><strong>O U\u010cENJU IZGOVORA<\/strong><\/a> (str. 191-195)<\/li>\n<ul style=\"list-style-type:none\">\n<li>&emsp;&emsp; Damir Horga<\/li>\n<li>&emsp;&emsp; <\/li>\n<\/ul>\n<\/li>\n<p>  &nbsp;<\/p>\n<li>\n<h3>\u017diva rije\u010d<\/h3>\n<\/li>\n<li><a href=\"https:\/\/stranijezici.ffzg.unizg.hr\/wp-content\/uploads\/2018\/10\/sj6_3-4_str196-204.pdf\" target=\"_blank\"><strong>\u042d\u0422\u0418\u041a\u0415\u0422 \u0420\u0423\u0421\u0421\u041a\u041e\u0413\u041e \u041f\u0418\u0421\u042c\u041c\u0410<\/strong><\/a> (str. 196-204)<\/li>\n<ul style=\"list-style-type:none\">\n<li>&emsp;&emsp; Milica Bukarica<\/li>\n<li>&emsp;&emsp; <\/li>\n<\/ul>\n<\/li>\n<p>  &nbsp;<\/p>\n<li><a href=\"https:\/\/stranijezici.ffzg.unizg.hr\/wp-content\/uploads\/2018\/10\/sj6_3-4_str205-208.pdf\" target=\"_blank\"><strong>COME SCRIVERE UNA LETTERA<\/strong><\/a> (str. 205-208)<\/li>\n<ul style=\"list-style-type:none\">\n<li>&emsp;&emsp; Spomenka Banovac<\/li>\n<li>&emsp;&emsp; <\/li>\n<\/ul>\n<\/li>\n<p>  &nbsp;<\/p>\n<li>\n<h3>Na\u0161a iskustva<\/h3>\n<\/li>\n<li><a href=\"https:\/\/stranijezici.ffzg.unizg.hr\/wp-content\/uploads\/2018\/10\/sj6_3-4_str209-212.pdf\" target=\"_blank\"><strong>ELEMENT-FILM &#8211; SREDSTVO SUVREMENE NASTAVE STRANIH JEZIKA<\/strong><\/a> (str. 209-212)<\/li>\n<ul style=\"list-style-type:none\">\n<li>&emsp;&emsp; Jasna Gotovac<\/li>\n<li>&emsp;&emsp; <\/li>\n<\/ul>\n<\/li>\n<p>  &nbsp;<\/p>\n<li><a href=\"https:\/\/stranijezici.ffzg.unizg.hr\/wp-content\/uploads\/2018\/10\/sj6_3-4_str213-214.pdf\" target=\"_blank\"><strong>JEDNO ISKUSTVO U RADU S ELEMENT-FILMOM >>IN THE STREET<< <\/strong><\/a> (str. 213-214)<\/li>\n<ul style=\"list-style-type:none\">\n<li>&emsp;&emsp; Gordana Sre\u0107kovi\u0107<\/li>\n<li>&emsp;&emsp; <\/li>\n<\/ul>\n<\/li>\n<p>  &nbsp;<\/p>\n<li><a href=\"https:\/\/stranijezici.ffzg.unizg.hr\/wp-content\/uploads\/2018\/10\/sj6_3-4_str214-216.pdf\" target=\"_blank\"><strong>O JEDNOM OBLIKU DOMA\u0106IH ZADA\u0106A U NASTAVI STRANIH JEZIKA<\/strong><\/a> (str. 214-216)<\/li>\n<ul style=\"list-style-type:none\">\n<li>&emsp;&emsp; Ilijas Tanovi\u0107<\/li>\n<li>&emsp;&emsp; <\/li>\n<\/ul>\n<\/li>\n<p>  &nbsp;<\/p>\n<li><a href=\"https:\/\/stranijezici.ffzg.unizg.hr\/wp-content\/uploads\/2018\/10\/sj6_3-4_str216-219.pdf\" target=\"_blank\"><strong>PRI\u010cE U SLIKAMA, SASTAVNI DIO VI\u0160EIZVORNOG SKLOPA ZA VI RAZRED<\/strong><\/a> (str. 216-219)<\/li>\n<ul style=\"list-style-type:none\">\n<li>&emsp;&emsp; Mirjana Agbaba<\/li>\n<li>&emsp;&emsp; <\/li>\n<\/ul>\n<\/li>\n<p>  &nbsp;<\/p>\n<li><a href=\"https:\/\/stranijezici.ffzg.unizg.hr\/wp-content\/uploads\/2018\/10\/sj6_3-4_str219-225.pdf\" target=\"_blank\"><strong>KAKO ISKORISTITI \u010cASOPISE I NOVINE U NASTAVI JEZIKA NA FAKULTETIMA<\/strong><\/a> (str. 219-225)<\/li>\n<ul style=\"list-style-type:none\">\n<li>&emsp;&emsp; Anna Hargreaves<\/li>\n<li>&emsp;&emsp; <\/li>\n<\/ul>\n<\/li>\n<p>  &nbsp;<\/p>\n<li><a href=\"https:\/\/stranijezici.ffzg.unizg.hr\/wp-content\/uploads\/2018\/10\/sj6_3-4_str226-228.pdf\" target=\"_blank\"><strong>PRIMJENA HUMORISTI\u010cKOG CRTE\u017dA U NASTAVI STRANIH JEZIKA<\/strong><\/a> (str. 226-228)<\/li>\n<ul style=\"list-style-type:none\">\n<li>&emsp;&emsp; Mirjana Rito\u0161a<\/li>\n<li>&emsp;&emsp; <\/li>\n<\/ul>\n<\/li>\n<p>  &nbsp;<\/p>\n<li><a href=\"https:\/\/stranijezici.ffzg.unizg.hr\/wp-content\/uploads\/2018\/10\/sj6_3-4_str229-231.pdf\" target=\"_blank\"><strong>RAD S LUTKAMA<\/strong><\/a> (str. 229-231)<\/li>\n<ul style=\"list-style-type:none\">\n<li>&emsp;&emsp; Jasna Gotovac<\/li>\n<li>&emsp;&emsp; <\/li>\n<\/ul>\n<\/li>\n<p>  &nbsp;<\/p>\n<li>\n<h3>Iz knji\u017eevnosti i kulture<\/h3>\n<\/li>\n<li><a href=\"https:\/\/stranijezici.ffzg.unizg.hr\/wp-content\/uploads\/2018\/10\/sj6_3-4_str232-233.pdf\" target=\"_blank\"><strong> >>\u017dIVOT PRED SOBOM<< EMILA AJAVA<\/strong><\/a> (str. 232-233)<\/li>\n<ul style=\"list-style-type:none\">\n<li>&emsp;&emsp; Jelena Zuppa<\/li>\n<li>&emsp;&emsp; <\/li>\n<\/ul>\n<\/li>\n<p>  &nbsp;<\/p>\n<li><a href=\"https:\/\/stranijezici.ffzg.unizg.hr\/wp-content\/uploads\/2018\/10\/sj6_3-4_str234-235.pdf\" target=\"_blank\"><strong>STRANI JEZICI U REFORMIRANOJ \u0160KOLI<\/strong><\/a> (str. 234-235)<\/li>\n<ul style=\"list-style-type:none\">\n<li>&emsp;&emsp; <\/li>\n<li>&emsp;&emsp; <\/li>\n<\/ul>\n<\/li>\n<p>  &nbsp;<\/p>\n<li>\n<h3>Kronika; Prikazi knjiga i \u010dasopisa<\/h3>\n<\/li>\n<li><a href=\"https:\/\/stranijezici.ffzg.unizg.hr\/wp-content\/uploads\/2018\/10\/sj6_3-4_str236-256.pdf\" target=\"_blank\">Prikazi knjiga i \u010dasopisa, Kronika<\/a> (str. 236-256)<\/li>\n<\/li>\n<\/ul>\n","protected":false},"excerpt":{"rendered":"<p>Lingvistika ANALIZA GRE\u0160AKA U PREVO\u0110ENJU SA SRPSKOHRVATSKOG NA ENGLESKI JEZIK (str. 129-139) &emsp;&emsp; Ljiljana Bibovi\u0107 &emsp;&emsp; &nbsp; O PROBLEMATICI TVORBE RIJE\u010cI (str. 139-148) &emsp;&emsp; Pavao Tekav\u010di\u0107 &emsp;&emsp; &nbsp; RE\u010cENICA KAO KOMUNIKATIVNA I FUNKCIONALNA JEDINICA (str. 148-167) &emsp;&emsp; Miho Skljarov &emsp;&emsp; &nbsp; POKU\u0160AJ KLASIFIKACIJE POGODBENIH RE\u010cENICE (str. 167-175) &emsp;&emsp; Mirko Gojmerac &emsp;&emsp; &nbsp; GLAGOLI KRETANJA BEZ &hellip; <\/p>\n<p class=\"link-more\"><a href=\"https:\/\/stranijezici.ffzg.unizg.hr\/index.php\/vol6n3-4\/\" class=\"more-link\">Continue reading<span class=\"screen-reader-text\"> &#8220;Vol 6. (3-4)&#8221;<\/span><\/a><\/p>\n","protected":false},"author":2,"featured_media":0,"parent":0,"menu_order":0,"comment_status":"closed","ping_status":"closed","template":"","meta":{"ngg_post_thumbnail":0,"footnotes":""},"class_list":["post-1099","page","type-page","status-publish","hentry"],"_links":{"self":[{"href":"https:\/\/stranijezici.ffzg.unizg.hr\/index.php\/wp-json\/wp\/v2\/pages\/1099","targetHints":{"allow":["GET"]}}],"collection":[{"href":"https:\/\/stranijezici.ffzg.unizg.hr\/index.php\/wp-json\/wp\/v2\/pages"}],"about":[{"href":"https:\/\/stranijezici.ffzg.unizg.hr\/index.php\/wp-json\/wp\/v2\/types\/page"}],"author":[{"embeddable":true,"href":"https:\/\/stranijezici.ffzg.unizg.hr\/index.php\/wp-json\/wp\/v2\/users\/2"}],"replies":[{"embeddable":true,"href":"https:\/\/stranijezici.ffzg.unizg.hr\/index.php\/wp-json\/wp\/v2\/comments?post=1099"}],"version-history":[{"count":9,"href":"https:\/\/stranijezici.ffzg.unizg.hr\/index.php\/wp-json\/wp\/v2\/pages\/1099\/revisions"}],"predecessor-version":[{"id":1446,"href":"https:\/\/stranijezici.ffzg.unizg.hr\/index.php\/wp-json\/wp\/v2\/pages\/1099\/revisions\/1446"}],"wp:attachment":[{"href":"https:\/\/stranijezici.ffzg.unizg.hr\/index.php\/wp-json\/wp\/v2\/media?parent=1099"}],"curies":[{"name":"wp","href":"https:\/\/api.w.org\/{rel}","templated":true}]}}