{"id":1072,"date":"2018-10-22T12:30:50","date_gmt":"2018-10-22T12:30:50","guid":{"rendered":"https:\/\/stranijezici.ffzg.unizg.hr\/?page_id=1072"},"modified":"2018-11-24T14:00:01","modified_gmt":"2018-11-24T14:00:01","slug":"vol6n1-2","status":"publish","type":"page","link":"https:\/\/stranijezici.ffzg.unizg.hr\/index.php\/vol6n1-2\/","title":{"rendered":"Vol 6. (1-2)"},"content":{"rendered":"<ul style=\"list-style-type:none\">\n<li><a href=\"https:\/\/stranijezici.ffzg.unizg.hr\/wp-content\/uploads\/2018\/10\/sj6_1-2_str1-2.pdf\" target=\"_blank\"><strong>LINGVISTIKA<\/strong><\/a> (str. 1-2)<\/li>\n<ul style=\"list-style-type:none\">\n<li>&emsp;&emsp; Damir Kalogjera, Zlatko Muhvi\u0107<\/li>\n<\/ul>\n<\/li>\n<p>  &nbsp;<\/p>\n<li>\n<h3>Lingvistika<\/h3>\n<\/li>\n<li><a href=\"https:\/\/stranijezici.ffzg.unizg.hr\/wp-content\/uploads\/2018\/10\/sj6_1-2_str3-12.pdf\" target=\"_blank\"><strong>STRUKTURA SADR\u017dAJA. UZ KNJIGU >>DER WORTINHALT<< ERNSTA LEISIJA<\/strong><\/a> (str. 3-12)<\/li>\n<ul style=\"list-style-type:none\">\n<li>&emsp;&emsp; Stanko \u017depi\u0107<\/li>\n<li>&emsp;&emsp; <\/li>\n<\/ul>\n<\/li>\n<p>  &nbsp;<\/p>\n<li><a href=\"https:\/\/stranijezici.ffzg.unizg.hr\/wp-content\/uploads\/2018\/10\/sj6_1-2_str13-23.pdf\" target=\"_blank\"><strong>TRANSFORMACIJSKO-GENERATIVNA GRAMATIKA I NASTAVA ENGLESKOG JEZIKA<\/strong><\/a> (str. 13-23)<\/li>\n<ul style=\"list-style-type:none\">\n<li>&emsp;&emsp; Mirjana Bona\u010di\u0107<\/li>\n<li>&emsp;&emsp; <\/li>\n<\/ul>\n<\/li>\n<p>  &nbsp;<\/p>\n<li><a href=\"https:\/\/stranijezici.ffzg.unizg.hr\/wp-content\/uploads\/2018\/10\/sj6_1-2_str24-27.pdf\" target=\"_blank\"><strong>OKORJELE ZABLUDE<\/strong><\/a> (str. 24-27)<\/li>\n<ul style=\"list-style-type:none\">\n<li>&emsp;&emsp; Milenko Popovi\u0107<\/li>\n<li>&emsp;&emsp; <\/li>\n<\/ul>\n<\/li>\n<p>  &nbsp;<\/p>\n<li><a href=\"https:\/\/stranijezici.ffzg.unizg.hr\/wp-content\/uploads\/2018\/10\/sj6_1-2_str28-34.pdf\" target=\"_blank\"><strong>ESTETSKA KOMPONENTA GOVORA<\/strong><\/a> (str. 28-34)<\/li>\n<ul style=\"list-style-type:none\">\n<li>&emsp;&emsp; Branko Vuleti\u0107<\/li>\n<li>&emsp;&emsp; <\/li>\n<\/ul>\n<\/li>\n<p>  &nbsp;<\/p>\n<li><a href=\"https:\/\/stranijezici.ffzg.unizg.hr\/wp-content\/uploads\/2018\/10\/sj6_1-2_str34-39.pdf\" target=\"_blank\"><strong>STILISTI\u010cKA UPOTREBA KRONIZAMA<\/strong><\/a> (str. 34-39)<\/li>\n<ul style=\"list-style-type:none\">\n<li>&emsp;&emsp; Alla P. Koval<\/li>\n<li>&emsp;&emsp; <\/li>\n<\/ul>\n<\/li>\n<p>  &nbsp;<\/p>\n<li>\n<h3>Metodika<\/h3>\n<\/li>\n<li><a href=\"https:\/\/stranijezici.ffzg.unizg.hr\/wp-content\/uploads\/2018\/10\/sj6_1-2_str40-48.pdf\" target=\"_blank\"><strong>NEKA RAZMATRANJA O OSNOVNIM PRINCIPIMA TEORIJE KOMUNIKACIJA<\/strong><\/a> (str. 40-48)<\/li>\n<ul style=\"list-style-type:none\">\n<li>&emsp;&emsp; Marela Skalicki-Hercezi<\/li>\n<li>&emsp;&emsp; <\/li>\n<\/ul>\n<\/li>\n<p>  &nbsp;<\/p>\n<li><a href=\"https:\/\/stranijezici.ffzg.unizg.hr\/wp-content\/uploads\/2018\/10\/sj6_1-2_str48-53.pdf\" target=\"_blank\"><strong>VEZE IZME\u0110U SLU\u0160ANJA, GRAMATIKE, PISANJA I FONETIKE U U\u010cENJU STRANOG JEZIKA<\/strong><\/a> (str. 48-53)<\/li>\n<ul style=\"list-style-type:none\">\n<li>&emsp;&emsp; Agneza \u0160imunovi\u0107<\/li>\n<li>&emsp;&emsp; <\/li>\n<\/ul>\n<\/li>\n<p>  &nbsp;<\/p>\n<li><a href=\"https:\/\/stranijezici.ffzg.unizg.hr\/wp-content\/uploads\/2018\/10\/sj6_1-2_str54-56.pdf\" target=\"_blank\"><strong>MJESTO STRANIH JEZIKA U OP\u0106EM OSNOVNOM (BAZI\u010cNOM) OBRAZOVANJU I ZAVR\u0160NOM STUPNJU SREDNJEG USMJERENOG OBRAZOVANJA<\/strong><\/a> (str. 54-56)<\/li>\n<ul style=\"list-style-type:none\">\n<li>&emsp;&emsp; Davorka Celmi\u0107, Aleksandar Kolka<\/li>\n<li>&emsp;&emsp; <\/li>\n<\/ul>\n<\/li>\n<p>  &nbsp;<\/p>\n<li>\n<h3>Iz strane stru\u010dne literature<\/h3>\n<\/li>\n<li><a href=\"https:\/\/stranijezici.ffzg.unizg.hr\/wp-content\/uploads\/2018\/10\/sj6_1-2_str57-63.pdf\" target=\"_blank\"><strong>ZAGONETKA >>PRAVE<< METODE<\/strong><\/a> (str. 57-63)<\/li>\n<ul style=\"list-style-type:none\">\n<li>&emsp;&emsp; Earl W. Stevick<\/li>\n<li>&emsp;&emsp; <\/li>\n<\/ul>\n<\/li>\n<p>  &nbsp;<\/p>\n<li>\n<h3>\u017diva rije\u010d<\/h3>\n<\/li>\n<li><a href=\"https:\/\/stranijezici.ffzg.unizg.hr\/wp-content\/uploads\/2018\/10\/sj6_1-2_str64-66.pdf\" target=\"_blank\"><strong>PICTURE COMPOSITION EXERCISES FOR ELEMENTARY\/INTERMEDIATE STUDENTS<\/strong><\/a> (str. 64-66)<\/li>\n<ul style=\"list-style-type:none\">\n<li>&emsp;&emsp; R. S. Berry<\/li>\n<li>&emsp;&emsp; <\/li>\n<\/ul>\n<\/li>\n<p>  &nbsp;<\/p>\n<li><a href=\"https:\/\/stranijezici.ffzg.unizg.hr\/wp-content\/uploads\/2018\/10\/sj6_1-2_str67-71.pdf\" target=\"_blank\"><strong>EXPLOITATION DE LA BANDE DESSIN\u00c9E<\/strong><\/a> (str. 67-71)<\/li>\n<ul style=\"list-style-type:none\">\n<li>&emsp;&emsp; Nives Sironi\u0107-Bonefa\u010di\u0107<\/li>\n<li>&emsp;&emsp; <\/li>\n<\/ul>\n<\/li>\n<p>  &nbsp;<\/p>\n<li><a href=\"https:\/\/stranijezici.ffzg.unizg.hr\/wp-content\/uploads\/2018\/10\/sj6_1-2_str71-74.pdf\" target=\"_blank\"><strong>ZUR ARBEIT MIT BILDGESCHICHTEN EIN BEISPIEL<\/strong><\/a> (str. 71-74)<\/li>\n<ul style=\"list-style-type:none\">\n<li>&emsp;&emsp; Tamara Mar\u010deti\u0107<\/li>\n<li>&emsp;&emsp; <\/li>\n<\/ul>\n<\/li>\n<p>  &nbsp;<\/p>\n<li><a href=\"https:\/\/stranijezici.ffzg.unizg.hr\/wp-content\/uploads\/2018\/10\/sj6_1-2_str77-81.pdf\" target=\"_blank\"><strong>COME PRESENTARE QUESTO FUMETTO<\/strong><\/a> (str. 77-81)<\/li>\n<ul style=\"list-style-type:none\">\n<li>&emsp;&emsp; Franka Rossi-Hace, Elisa Zaina<\/li>\n<li>&emsp;&emsp; <\/li>\n<\/ul>\n<\/li>\n<p>  &nbsp;<\/p>\n<li>\n<h3>Na\u0161a iskustva<\/h3>\n<\/li>\n<li><a href=\"https:\/\/stranijezici.ffzg.unizg.hr\/wp-content\/uploads\/2018\/10\/sj6_1-2_str82-84.pdf\" target=\"_blank\"><strong>SAT TEMATSKOG PONAVLJANJA VOKABULARA<\/strong><\/a> (str. 82-84)<\/li>\n<ul style=\"list-style-type:none\">\n<li>&emsp;&emsp; Mirjana Agbaba<\/li>\n<li>&emsp;&emsp; <\/li>\n<\/ul>\n<\/li>\n<p>  &nbsp;<\/p>\n<li><a href=\"https:\/\/stranijezici.ffzg.unizg.hr\/wp-content\/uploads\/2018\/10\/sj6_1-2_str85-88.pdf\" target=\"_blank\"><strong>FUNKCIJA I ZADACI OBRADE LEKTIRE U NASTAVI RUSKOG JEZIKA U GIMNAZIJI<\/strong><\/a> (str. 85-88)<\/li>\n<ul style=\"list-style-type:none\">\n<li>&emsp;&emsp; Vu\u010dina Rai\u010devi\u0107<\/li>\n<li>&emsp;&emsp; <\/li>\n<\/ul>\n<\/li>\n<p>  &nbsp;<\/p>\n<li><a href=\"https:\/\/stranijezici.ffzg.unizg.hr\/wp-content\/uploads\/2018\/10\/sj6_1-2_str89-90.pdf\" target=\"_blank\"><strong>OBRADA STRU\u010cNOG TEKSTA U SREDNJOJ STRU\u010cNOJ \u0160KOLI<\/strong><\/a> (str. 89-90)<\/li>\n<ul style=\"list-style-type:none\">\n<li>&emsp;&emsp; Nada Rapp<\/li>\n<li>&emsp;&emsp; <\/li>\n<\/ul>\n<\/li>\n<p>  &nbsp;<\/p>\n<li><a href=\"https:\/\/stranijezici.ffzg.unizg.hr\/wp-content\/uploads\/2018\/10\/sj6_1-2_str91-93.pdf\" target=\"_blank\"><strong>GRUPNI RAD &#8211; KORAK PREMA INDIVIDUALIZACIJI<\/strong><\/a> (str. 91-93)<\/li>\n<ul style=\"list-style-type:none\">\n<li>&emsp;&emsp; Biserka Kru\u0161lin<\/li>\n<li>&emsp;&emsp; <\/li>\n<\/ul>\n<\/li>\n<p>  &nbsp;<\/p>\n<li><a href=\"https:\/\/stranijezici.ffzg.unizg.hr\/wp-content\/uploads\/2018\/10\/sj6_1-2_str93-95.pdf\" target=\"_blank\"><strong>PRIMJENA DIJAFILMOVA IZ VI\u0160EIZVORNOG SKLOPA A, B i C u VII i VIII RAZREDU OSNOVNE \u0160KOLE<\/strong><\/a> (str. 93-95)<\/li>\n<ul style=\"list-style-type:none\">\n<li>&emsp;&emsp; Smiljka Gabri\u0107<\/li>\n<li>&emsp;&emsp; <\/li>\n<\/ul>\n<\/li>\n<p>  &nbsp;<\/p>\n<li><a href=\"https:\/\/stranijezici.ffzg.unizg.hr\/wp-content\/uploads\/2018\/10\/sj6_1-2_str96-101.pdf\" target=\"_blank\"><strong>REZULTATI RADA U DODATNOJ AKTIVNOSTI<\/strong><\/a> (str. 96-101)<\/li>\n<ul style=\"list-style-type:none\">\n<li>&emsp;&emsp; Vida Nikpalj<\/li>\n<li>&emsp;&emsp; <\/li>\n<\/ul>\n<\/li>\n<p>  &nbsp;<\/p>\n<li>\n<h3>Diskusija<\/h3>\n<\/li>\n<li><a href=\"https:\/\/stranijezici.ffzg.unizg.hr\/wp-content\/uploads\/2018\/10\/sj6_1-2_str102-107.pdf\" target=\"_blank\"><strong>UVO\u0110ENJE \u010cITANJA I PISANJA PO AVGS METODI<\/strong><\/a> (str. 102-107)<\/li>\n<ul style=\"list-style-type:none\">\n<li>&emsp;&emsp; Marjana Korda\u0161<\/li>\n<li>&emsp;&emsp; <\/li>\n<\/ul>\n<\/li>\n<p>  &nbsp;<\/p>\n<li>\n<h3>Bibliografija; Kronika; Vijesti<\/h3>\n<\/li>\n<li><a href=\"https:\/\/stranijezici.ffzg.unizg.hr\/wp-content\/uploads\/2018\/10\/sj6_1-2_str108-128.pdf\" target=\"_blank\">Bibliografija, Kronika, Vijesti<\/a> (str. 108-128)<\/li>\n<\/li>\n<\/ul>\n","protected":false},"excerpt":{"rendered":"<p>LINGVISTIKA (str. 1-2) &emsp;&emsp; Damir Kalogjera, Zlatko Muhvi\u0107 &nbsp; Lingvistika STRUKTURA SADR\u017dAJA. UZ KNJIGU >>DER WORTINHALT>PRAVE<\/p>\n","protected":false},"author":2,"featured_media":0,"parent":0,"menu_order":0,"comment_status":"closed","ping_status":"closed","template":"","meta":{"ngg_post_thumbnail":0,"footnotes":""},"class_list":["post-1072","page","type-page","status-publish","hentry"],"_links":{"self":[{"href":"https:\/\/stranijezici.ffzg.unizg.hr\/index.php\/wp-json\/wp\/v2\/pages\/1072","targetHints":{"allow":["GET"]}}],"collection":[{"href":"https:\/\/stranijezici.ffzg.unizg.hr\/index.php\/wp-json\/wp\/v2\/pages"}],"about":[{"href":"https:\/\/stranijezici.ffzg.unizg.hr\/index.php\/wp-json\/wp\/v2\/types\/page"}],"author":[{"embeddable":true,"href":"https:\/\/stranijezici.ffzg.unizg.hr\/index.php\/wp-json\/wp\/v2\/users\/2"}],"replies":[{"embeddable":true,"href":"https:\/\/stranijezici.ffzg.unizg.hr\/index.php\/wp-json\/wp\/v2\/comments?post=1072"}],"version-history":[{"count":6,"href":"https:\/\/stranijezici.ffzg.unizg.hr\/index.php\/wp-json\/wp\/v2\/pages\/1072\/revisions"}],"predecessor-version":[{"id":1074,"href":"https:\/\/stranijezici.ffzg.unizg.hr\/index.php\/wp-json\/wp\/v2\/pages\/1072\/revisions\/1074"}],"wp:attachment":[{"href":"https:\/\/stranijezici.ffzg.unizg.hr\/index.php\/wp-json\/wp\/v2\/media?parent=1072"}],"curies":[{"name":"wp","href":"https:\/\/api.w.org\/{rel}","templated":true}]}}