{"id":1028,"date":"2018-10-21T11:56:47","date_gmt":"2018-10-21T11:56:47","guid":{"rendered":"https:\/\/stranijezici.ffzg.unizg.hr\/?page_id=1028"},"modified":"2018-10-21T14:46:37","modified_gmt":"2018-10-21T14:46:37","slug":"vol5n4","status":"publish","type":"page","link":"https:\/\/stranijezici.ffzg.unizg.hr\/index.php\/vol5n4\/","title":{"rendered":"Vol 5. (4)"},"content":{"rendered":"<ul style=\"list-style-type:none\">\n<li><a href=\"https:\/\/stranijezici.ffzg.unizg.hr\/wp-content\/uploads\/2018\/10\/sj5_4_str241-243.pdf\" target=\"_blank\"><strong>NA KRAJU PETE GODINE IZLA\u017dENJA<\/strong><\/a> (str. 241-243)<\/li>\n<ul style=\"list-style-type:none\">\n<li>&emsp;&emsp; Rudolf Filipovi\u0107<\/li>\n<li>&emsp;&emsp; <\/li>\n<\/ul>\n<\/li>\n<p>  &nbsp;<\/p>\n<li><a href=\"https:\/\/stranijezici.ffzg.unizg.hr\/wp-content\/uploads\/2018\/10\/sj5_4_str244-248.pdf\" target=\"_blank\"><strong>STRANI JEZICI I TRENUTAK SADA\u0160NJOSTI<\/strong><\/a> (str. 244-248)<\/li>\n<ul style=\"list-style-type:none\">\n<li>&emsp;&emsp; Mirjana Vilke<\/li>\n<li>&emsp;&emsp; <\/li>\n<\/ul>\n<\/li>\n<p>  &nbsp;<\/p>\n<li><a href=\"https:\/\/stranijezici.ffzg.unizg.hr\/wp-content\/uploads\/2018\/10\/sj5_4_str249-262.pdf\" target=\"_blank\"><strong>NOVIJA ISTRA\u017dIVANJA NA PODRU\u010cJU ESKPERIMENTALNE PSIHOLINGVISTIKE<\/strong><\/a> (str. 249-262)<\/li>\n<ul style=\"list-style-type:none\">\n<li>&emsp;&emsp; Ante Fulgosi<\/li>\n<li>&emsp;&emsp; <\/li>\n<\/ul>\n<\/li>\n<p>  &nbsp;<\/p>\n<li><a href=\"https:\/\/stranijezici.ffzg.unizg.hr\/wp-content\/uploads\/2018\/10\/sj5_4_str262-267.pdf\" target=\"_blank\"><strong>POLO\u017dAJ PSIHOLINGVISTIKE U KRUGU LINGVISTI\u010cKIH DISCIPLINA<\/strong><\/a> (str. 262-267)<\/li>\n<ul style=\"list-style-type:none\">\n<li>&emsp;&emsp; Ranko Bugarski<\/li>\n<li>&emsp;&emsp; <\/li>\n<\/ul>\n<\/li>\n<p>  &nbsp;<\/p>\n<li><a href=\"https:\/\/stranijezici.ffzg.unizg.hr\/wp-content\/uploads\/2018\/10\/sj5_4_str267-272.pdf\" target=\"_blank\"><strong>PSIHOLINGVISTI\u010cKI ASPEKT KONTRASTIVNE ANALIZE<\/strong><\/a> (str. 267-272)<\/li>\n<ul style=\"list-style-type:none\">\n<li>&emsp;&emsp; Rudolf Filipovi\u0107<\/li>\n<li>&emsp;&emsp; <\/li>\n<\/ul>\n<\/li>\n<p>  &nbsp;<\/p>\n<li><a href=\"https:\/\/stranijezici.ffzg.unizg.hr\/wp-content\/uploads\/2018\/10\/sj5_4_str272-277.pdf\" target=\"_blank\"><strong>PRIRODNA METODA USVAJANJA DRUGOG \u017dIVOG JEZIKA<\/strong><\/a> (str. 272-277)<\/li>\n<ul style=\"list-style-type:none\">\n<li>&emsp;&emsp; Ivo \u0160kari\u0107<\/li>\n<li>&emsp;&emsp; <\/li>\n<\/ul>\n<\/li>\n<p>  &nbsp;<\/p>\n<li><a href=\"https:\/\/stranijezici.ffzg.unizg.hr\/wp-content\/uploads\/2018\/10\/sj5_4_str278-283.pdf\" target=\"_blank\"><strong>PREMA\u0160IVANJE PSIHOLINGVISTI\u010cKIH I PSIHOAKUSTI\u010cNIH STRUKTURA U AUDIOVIZUELNOJ GLOBALNOSTRUKTURALNOJ METODI<\/strong><\/a> (str. 278-283)<\/li>\n<ul style=\"list-style-type:none\">\n<li>&emsp;&emsp; Petar Guberina<\/li>\n<li>&emsp;&emsp; <\/li>\n<\/ul>\n<\/li>\n<p>  &nbsp;<\/p>\n<li><a href=\"https:\/\/stranijezici.ffzg.unizg.hr\/wp-content\/uploads\/2018\/10\/sj5_4_str283-290.pdf\" target=\"_blank\"><strong>PRIMENJENA NEUROLINGVISTIKA &#8211; KORAK BLI\u017dE FORMULISANJU MODELA U\u010cENJA STRANIH JEZIKA<\/strong><\/a> (str. 283-290)<\/li>\n<ul style=\"list-style-type:none\">\n<li>&emsp;&emsp; Naum Dimitrijevi\u0107<\/li>\n<li>&emsp;&emsp; <\/li>\n<\/ul>\n<\/li>\n<p>  &nbsp;<\/p>\n<li><a href=\"https:\/\/stranijezici.ffzg.unizg.hr\/wp-content\/uploads\/2018\/10\/sj5_4_str290-295.pdf\" target=\"_blank\"><strong>NOVI PRISTUP U\u010cENJU STRANOG JEZIKA U RANOJ DOBI<\/strong><\/a> (str. 290-295)<\/li>\n<ul style=\"list-style-type:none\">\n<li>&emsp;&emsp; Du\u0161ka Vuceli\u0107<\/li>\n<li>&emsp;&emsp; <\/li>\n<\/ul>\n<\/li>\n<p>  &nbsp;<\/p>\n<li><a href=\"https:\/\/stranijezici.ffzg.unizg.hr\/wp-content\/uploads\/2018\/10\/sj5_4_str296-300.pdf\" target=\"_blank\"><strong>PRIMENA NOVIH SAZNANJA O RAZVOJU SINTAKTI\u010cKE SLO\u017dENOSTI U NASTAVI STRANIH JEZIKA<\/strong><\/a> (str. 296-300)<\/li>\n<ul style=\"list-style-type:none\">\n<li>&emsp;&emsp; Ljiljana Jovkovi\u0107<\/li>\n<li>&emsp;&emsp; <\/li>\n<\/ul>\n<\/li>\n<p>  &nbsp;<\/p>\n<li><a href=\"https:\/\/stranijezici.ffzg.unizg.hr\/wp-content\/uploads\/2018\/10\/sj5_4_str301-304.pdf\" target=\"_blank\"><strong>PRIMIJENJENA LINGVISTIKA RENZA TITONEA<\/strong><\/a> (str. 301-304)<\/li>\n<ul style=\"list-style-type:none\">\n<li>&emsp;&emsp; Nives Sironi\u0107-Bonefa\u010di\u0107<\/li>\n<li>&emsp;&emsp; <\/li>\n<\/ul>\n<\/li>\n<p>  &nbsp;<\/p>\n<li><a href=\"https:\/\/stranijezici.ffzg.unizg.hr\/wp-content\/uploads\/2018\/10\/sj5_4_str305-307.pdf\" target=\"_blank\"><strong>OSNOVNI PRINCIPI NOVOG PRISTUPA OBRAZOVNOM PROCESU U SAD I NJIHOVA PRIMJENA U NASTAVI STRANIH JEZIKA<\/strong><\/a> (str. 305-307)<\/li>\n<ul style=\"list-style-type:none\">\n<li>&emsp;&emsp; Nata\u0161a Sladoljev<\/li>\n<li>&emsp;&emsp; <\/li>\n<\/ul>\n<\/li>\n<p>  &nbsp;<\/p>\n<li><a href=\"https:\/\/stranijezici.ffzg.unizg.hr\/wp-content\/uploads\/2018\/10\/sj5_4_str308-313.pdf\" target=\"_blank\"><strong>PSIHOLINGVISTI\u010cKI PRISTUP \u010cITANJU U NASTAVI STRANIH JEZIKA<\/strong><\/a> (str. 308-313)<\/li>\n<ul style=\"list-style-type:none\">\n<li>&emsp;&emsp; Mirjana Prica<\/li>\n<li>&emsp;&emsp; <\/li>\n<\/ul>\n<\/li>\n<p>  &nbsp;<\/p>\n<li><a href=\"https:\/\/stranijezici.ffzg.unizg.hr\/wp-content\/uploads\/2018\/10\/sj5_4_str314-320.pdf\" target=\"_blank\"><strong>PRIMJENA KOMPJUTORA U NASTAVI ENGLESKOG JEZIKA<\/strong><\/a> (str. 314-320)<\/li>\n<ul style=\"list-style-type:none\">\n<li>&emsp;&emsp; Tatjana Carev-Maruna<\/li>\n<li>&emsp;&emsp; <\/li>\n<\/ul>\n<\/li>\n<p>  &nbsp;<\/p>\n<li><a href=\"https:\/\/stranijezici.ffzg.unizg.hr\/wp-content\/uploads\/2018\/10\/sj5_4_str320-324.pdf\" target=\"_blank\"><strong>IZVJE\u0160TAJ O NOVIJIM RADOVIMA GRUPE \u0160VEDSKIH ANGLISTA SA SVEU\u010cILI\u0160TA U LUNDU<\/strong><\/a> (str. 320-324)<\/li>\n<ul style=\"list-style-type:none\">\n<li>&emsp;&emsp; Renata Husinec<\/li>\n<li>&emsp;&emsp; <\/li>\n<\/ul>\n<\/li>\n<p>  &nbsp;<\/p>\n<li><a href=\"https:\/\/stranijezici.ffzg.unizg.hr\/wp-content\/uploads\/2018\/10\/sj5_4_str324-330.pdf\" target=\"_blank\"><strong>DOSADA\u0160NJI ZNANSTVENI I STRU\u010cNI RAD NA ISPITIVANJU MOTIVACIJE U\u010cENIKA STRANIH JEZIKA<\/strong><\/a> (str. 324-330)<\/li>\n<ul style=\"list-style-type:none\">\n<li>&emsp;&emsp; Vesna Zeli\u0107<\/li>\n<li>&emsp;&emsp; <\/li>\n<\/ul>\n<\/li>\n<p>  &nbsp;<\/p>\n<li><a href=\"https:\/\/stranijezici.ffzg.unizg.hr\/wp-content\/uploads\/2018\/10\/sj5_4_str330-335.pdf\" target=\"_blank\"><strong>MULTIMEDIJI &#8211; FAKTOR MOTIVACIJE U\u010cENIKA<\/strong><\/a> (str. 330-335)<\/li>\n<ul style=\"list-style-type:none\">\n<li>&emsp;&emsp; Mirjana Jur\u010di\u0107<\/li>\n<li>&emsp;&emsp; <\/li>\n<\/ul>\n<\/li>\n<p>  &nbsp;<\/p>\n<li><a href=\"https:\/\/stranijezici.ffzg.unizg.hr\/wp-content\/uploads\/2018\/10\/sj5_4_str335-338.pdf\" target=\"_blank\"><strong>REZULTATI PRIMJENE VI\u0160EIZVORNOG SKLOPA ZA ENGLESKI JEZIK U PETOM RAZREDU OSNOVNE JEZIKA<\/strong><\/a> (str. 335-338)<\/li>\n<ul style=\"list-style-type:none\">\n<li>&emsp;&emsp; Katica Ivani\u0161evi\u0107<\/li>\n<li>&emsp;&emsp; <\/li>\n<\/ul>\n<\/li>\n<p>  &nbsp;<\/p>\n<li><a href=\"https:\/\/stranijezici.ffzg.unizg.hr\/wp-content\/uploads\/2018\/10\/sj5_4_str338-340.pdf\" target=\"_blank\"><strong>MOTIVACIJA DJECE PRED\u0160KOLSKE DOBI ZA U\u010cENJE STRANOG JEZIKA<\/strong><\/a> (str. 338-340)<\/li>\n<ul style=\"list-style-type:none\">\n<li>&emsp;&emsp; Miljenka Demel<\/li>\n<li>&emsp;&emsp; <\/li>\n<\/ul>\n<\/li>\n<p>  &nbsp;<\/p>\n<li><a href=\"https:\/\/stranijezici.ffzg.unizg.hr\/wp-content\/uploads\/2018\/10\/sj5_4_str340-348.pdf\" target=\"_blank\"><strong>O MOTIVACIJI ODRASLIH<\/strong><\/a> (str. 340-348)<\/li>\n<ul style=\"list-style-type:none\">\n<li>&emsp;&emsp; Vi\u0161nja Kostren\u010di\u0107 i dr.<\/li>\n<li>&emsp;&emsp; <\/li>\n<\/ul>\n<\/li>\n<p>  &nbsp;<\/p>\n<li><a href=\"https:\/\/stranijezici.ffzg.unizg.hr\/wp-content\/uploads\/2018\/10\/sj5_4_str349-352.pdf\" target=\"_blank\"><strong>MOTIVACIJA STUDENATA STRANIH JEZIKA ZA NASTAVNI\u010cKA ZVANJA<\/strong><\/a> (str. 349-352)<\/li>\n<ul style=\"list-style-type:none\">\n<li>&emsp;&emsp; Jasna Gotovac<\/li>\n<li>&emsp;&emsp; <\/li>\n<\/ul>\n<\/li>\n<\/ul>\n","protected":false},"excerpt":{"rendered":"<p>NA KRAJU PETE GODINE IZLA\u017dENJA (str. 241-243) &emsp;&emsp; Rudolf Filipovi\u0107 &emsp;&emsp; &nbsp; STRANI JEZICI I TRENUTAK SADA\u0160NJOSTI (str. 244-248) &emsp;&emsp; Mirjana Vilke &emsp;&emsp; &nbsp; NOVIJA ISTRA\u017dIVANJA NA PODRU\u010cJU ESKPERIMENTALNE PSIHOLINGVISTIKE (str. 249-262) &emsp;&emsp; Ante Fulgosi &emsp;&emsp; &nbsp; POLO\u017dAJ PSIHOLINGVISTIKE U KRUGU LINGVISTI\u010cKIH DISCIPLINA (str. 262-267) &emsp;&emsp; Ranko Bugarski &emsp;&emsp; &nbsp; PSIHOLINGVISTI\u010cKI ASPEKT KONTRASTIVNE ANALIZE (str. &hellip; <\/p>\n<p class=\"link-more\"><a href=\"https:\/\/stranijezici.ffzg.unizg.hr\/index.php\/vol5n4\/\" class=\"more-link\">Continue reading<span class=\"screen-reader-text\"> &#8220;Vol 5. (4)&#8221;<\/span><\/a><\/p>\n","protected":false},"author":2,"featured_media":0,"parent":0,"menu_order":0,"comment_status":"closed","ping_status":"closed","template":"","meta":{"ngg_post_thumbnail":0,"footnotes":""},"class_list":["post-1028","page","type-page","status-publish","hentry"],"_links":{"self":[{"href":"https:\/\/stranijezici.ffzg.unizg.hr\/index.php\/wp-json\/wp\/v2\/pages\/1028","targetHints":{"allow":["GET"]}}],"collection":[{"href":"https:\/\/stranijezici.ffzg.unizg.hr\/index.php\/wp-json\/wp\/v2\/pages"}],"about":[{"href":"https:\/\/stranijezici.ffzg.unizg.hr\/index.php\/wp-json\/wp\/v2\/types\/page"}],"author":[{"embeddable":true,"href":"https:\/\/stranijezici.ffzg.unizg.hr\/index.php\/wp-json\/wp\/v2\/users\/2"}],"replies":[{"embeddable":true,"href":"https:\/\/stranijezici.ffzg.unizg.hr\/index.php\/wp-json\/wp\/v2\/comments?post=1028"}],"version-history":[{"count":5,"href":"https:\/\/stranijezici.ffzg.unizg.hr\/index.php\/wp-json\/wp\/v2\/pages\/1028\/revisions"}],"predecessor-version":[{"id":1046,"href":"https:\/\/stranijezici.ffzg.unizg.hr\/index.php\/wp-json\/wp\/v2\/pages\/1028\/revisions\/1046"}],"wp:attachment":[{"href":"https:\/\/stranijezici.ffzg.unizg.hr\/index.php\/wp-json\/wp\/v2\/media?parent=1028"}],"curies":[{"name":"wp","href":"https:\/\/api.w.org\/{rel}","templated":true}]}}