{"id":1027,"date":"2018-10-21T11:38:53","date_gmt":"2018-10-21T11:38:53","guid":{"rendered":"https:\/\/stranijezici.ffzg.unizg.hr\/?page_id=1027"},"modified":"2018-11-24T13:56:21","modified_gmt":"2018-11-24T13:56:21","slug":"vol5n3","status":"publish","type":"page","link":"https:\/\/stranijezici.ffzg.unizg.hr\/index.php\/vol5n3\/","title":{"rendered":"Vol 5. (3)"},"content":{"rendered":"<ul style=\"list-style-type:none\">\n<li>\n<h3>Lingvistika<\/h3>\n<\/li>\n<li><a href=\"https:\/\/stranijezici.ffzg.unizg.hr\/wp-content\/uploads\/2018\/10\/sj5_3_str161-172.pdf\" target=\"_blank\"><strong>O NEKIM INTERFERENCIJAMA KOD U\u010cENJA TALIJANSKOG JEZIKA<\/strong><\/a> (str. 161-172)<\/li>\n<ul style=\"list-style-type:none\">\n<li>&emsp;&emsp; Josip Jernej<\/li>\n<li>&emsp;&emsp; <\/li>\n<\/ul>\n<\/li>\n<p>  &nbsp;<\/p>\n<li><a href=\"https:\/\/stranijezici.ffzg.unizg.hr\/wp-content\/uploads\/2018\/10\/sj5_3_str173-185.pdf\" target=\"_blank\"><strong>SVEZA KAO LEKSI\u010cKA I FUNKCIONALNA JEDINICA<\/strong><\/a> (str. 173-185)<\/li>\n<ul style=\"list-style-type:none\">\n<li>&emsp;&emsp; Miho Skljarov<\/li>\n<li>&emsp;&emsp; <\/li>\n<\/ul>\n<\/li>\n<p>  &nbsp;<\/p>\n<li>\n<h3>Metodika<\/h3>\n<\/li>\n<li><a href=\"https:\/\/stranijezici.ffzg.unizg.hr\/wp-content\/uploads\/2018\/10\/sj5_3_str186-192.pdf\" target=\"_blank\"><strong>INTERVJU S PROFESOROM PITOM CORDEROM O ULOZI PRIMIJENJENE LINGVISTIKE U NASTAVI STRANIH JEZIKA<\/strong><\/a> (str. 186-192)<\/li>\n<ul style=\"list-style-type:none\">\n<li>&emsp;&emsp; Ljerka Djanje\u0161i\u0107<\/li>\n<li>&emsp;&emsp; <\/li>\n<\/ul>\n<\/li>\n<p>  &nbsp;<\/p>\n<li><a href=\"https:\/\/stranijezici.ffzg.unizg.hr\/wp-content\/uploads\/2018\/10\/sj5_3_str192-199.pdf\" target=\"_blank\"><strong>SISTEM NJEMA\u010cKIH ADVERBA PROSTORA<\/strong><\/a> (str. 192-199)<\/li>\n<ul style=\"list-style-type:none\">\n<li>&emsp;&emsp; Ana Mahni\u0107-\u0106osi\u0107<\/li>\n<li>&emsp;&emsp; <\/li>\n<\/ul>\n<\/li>\n<p>  &nbsp;<\/p>\n<li>\n<h3>Kultura i civilizacija<\/h3>\n<\/li>\n<li><a href=\"https:\/\/stranijezici.ffzg.unizg.hr\/wp-content\/uploads\/2018\/10\/sj5_3_str200-207.pdf\" target=\"_blank\"><strong>USVAJANJE STRANIH JEZIKA I RAZLIKE U KULTURAMA<\/strong><\/a> (str. 200-207)<\/li>\n<ul style=\"list-style-type:none\">\n<li>&emsp;&emsp; Aleksandar Kolka<\/li>\n<li>&emsp;&emsp; <\/li>\n<\/ul>\n<\/li>\n<p>  &nbsp;<\/p>\n<li>\n<h3>Diskusija<\/h3>\n<\/li>\n<li><a href=\"https:\/\/stranijezici.ffzg.unizg.hr\/wp-content\/uploads\/2018\/10\/sj5_3_str208-212.pdf\" target=\"_blank\"><strong>AUTENTI\u010cNI DISKURS, PATVORENI DISKURS, IDEALIZIRAN DISKURS I MATERIJALI ZA NASTAVU JEZIKA<\/strong><\/a> (str. 208-212)<\/li>\n<ul style=\"list-style-type:none\">\n<li>&emsp;&emsp; Sonia Bi\u0107ani\u0107<\/li>\n<li>&emsp;&emsp; <\/li>\n<\/ul>\n<\/li>\n<p>  &nbsp;<\/p>\n<li>\n<h3>\u017diva rije\u010d<\/h3>\n<\/li>\n<li><a href=\"https:\/\/stranijezici.ffzg.unizg.hr\/wp-content\/uploads\/2018\/10\/sj5_3_str213-215.pdf\" target=\"_blank\"><strong>PETIT LEXIQUE DE L&#8217;ACTUALIT\u00c9 YOUGOSLAVE<\/strong><\/a> (str. 213-215)<\/li>\n<ul style=\"list-style-type:none\">\n<li>&emsp;&emsp; Jere Tarle, Gabrijela Vidan<\/li>\n<li>&emsp;&emsp; <\/li>\n<\/ul>\n<\/li>\n<p>  &nbsp;<\/p>\n<li><a href=\"https:\/\/stranijezici.ffzg.unizg.hr\/wp-content\/uploads\/2018\/10\/sj5_3_str215-219.pdf\" target=\"_blank\"><strong>\u041a\u0440\u0430\u0442\u043a\u0438\u0439 \u0441\u043b\u043e\u0432\u0430\u0440b \u044e\u0433\u043e\u0441\u043b\u0430\u0432\u0441\u043a\u0438x \u043e\u0431\u0448\u0435\u0441\u0442\u0432\u0435\u043d\u043d\u043e-\u043f\u043e\u043b\u0438\u0442\u0438\u0447\u0435\u0441\u043a\u0438\u0445 \u0442\u0435\u0440\u043c\u0438\u043d\u043e\u0432<\/strong><\/a> (str. 215-219)<\/li>\n<ul style=\"list-style-type:none\">\n<li>&emsp;&emsp; \u0420. \u0412\u0435\u043d\u0442y\u0440\u0438\u043d<\/li>\n<li>&emsp;&emsp; <\/li>\n<\/ul>\n<\/li>\n<p>  &nbsp;<\/p>\n<li>\n<h3>Na\u0161a iskustva<\/h3>\n<\/li>\n<li><a href=\"https:\/\/stranijezici.ffzg.unizg.hr\/wp-content\/uploads\/2018\/10\/sj5_3_str220-223.pdf\" target=\"_blank\"><strong>PISMENE VJE\u017dBE U NASTAVI NJEMA\u010cKOG JEZIKA &#8211; OBLIK AKTIVNOSTI I KREATIVNOSTI U\u010cENIKA I NASTAVI<\/strong><\/a> (str. 220-223)<\/li>\n<ul style=\"list-style-type:none\">\n<li>&emsp;&emsp; Ljerka Tomljenovi\u0107-Bi\u0161kupi\u0107<\/li>\n<li>&emsp;&emsp; <\/li>\n<\/ul>\n<\/li>\n<p>  &nbsp;<\/p>\n<li><a href=\"https:\/\/stranijezici.ffzg.unizg.hr\/wp-content\/uploads\/2018\/10\/sj5_3_str223-226.pdf\" target=\"_blank\"><strong>PRILOG PROBLEMATICI PISMENIH RADOVA<\/strong><\/a> (str. 223-226)<\/li>\n<ul style=\"list-style-type:none\">\n<li>&emsp;&emsp; Jasna Ga\u010di\u0107<\/li>\n<li>&emsp;&emsp; <\/li>\n<\/ul>\n<\/li>\n<p>  &nbsp;<\/p>\n<li><a href=\"https:\/\/stranijezici.ffzg.unizg.hr\/wp-content\/uploads\/2018\/10\/sj5_3_str226-228.pdf\" target=\"_blank\"><strong>SUVREMENI PRISTUP GRAMATICI: KONDICIONALNE RE\u010cENICE<\/strong><\/a> (str. 226-228)<\/li>\n<ul style=\"list-style-type:none\">\n<li>&emsp;&emsp; Zorica \u0160kari\u0107<\/li>\n<li>&emsp;&emsp; <\/li>\n<\/ul>\n<\/li>\n<p>  &nbsp;<\/p>\n<li>\n<h3>Kronika; Prikazi knjiga; Vijesti<\/h3>\n<\/li>\n<li><a href=\"https:\/\/stranijezici.ffzg.unizg.hr\/wp-content\/uploads\/2018\/10\/sj5_3_str229-240.pdf\" target=\"_blank\">Kronika, Prikazi knjiga, Vijesti<\/a> (str. 229-240)<\/li>\n<\/li>\n<\/ul>\n","protected":false},"excerpt":{"rendered":"<p>Lingvistika O NEKIM INTERFERENCIJAMA KOD U\u010cENJA TALIJANSKOG JEZIKA (str. 161-172) &emsp;&emsp; Josip Jernej &emsp;&emsp; &nbsp; SVEZA KAO LEKSI\u010cKA I FUNKCIONALNA JEDINICA (str. 173-185) &emsp;&emsp; Miho Skljarov &emsp;&emsp; &nbsp; Metodika INTERVJU S PROFESOROM PITOM CORDEROM O ULOZI PRIMIJENJENE LINGVISTIKE U NASTAVI STRANIH JEZIKA (str. 186-192) &emsp;&emsp; Ljerka Djanje\u0161i\u0107 &emsp;&emsp; &nbsp; SISTEM NJEMA\u010cKIH ADVERBA PROSTORA (str. 192-199) &hellip; <\/p>\n<p class=\"link-more\"><a href=\"https:\/\/stranijezici.ffzg.unizg.hr\/index.php\/vol5n3\/\" class=\"more-link\">Continue reading<span class=\"screen-reader-text\"> &#8220;Vol 5. (3)&#8221;<\/span><\/a><\/p>\n","protected":false},"author":2,"featured_media":0,"parent":0,"menu_order":0,"comment_status":"closed","ping_status":"closed","template":"","meta":{"ngg_post_thumbnail":0,"footnotes":""},"class_list":["post-1027","page","type-page","status-publish","hentry"],"_links":{"self":[{"href":"https:\/\/stranijezici.ffzg.unizg.hr\/index.php\/wp-json\/wp\/v2\/pages\/1027","targetHints":{"allow":["GET"]}}],"collection":[{"href":"https:\/\/stranijezici.ffzg.unizg.hr\/index.php\/wp-json\/wp\/v2\/pages"}],"about":[{"href":"https:\/\/stranijezici.ffzg.unizg.hr\/index.php\/wp-json\/wp\/v2\/types\/page"}],"author":[{"embeddable":true,"href":"https:\/\/stranijezici.ffzg.unizg.hr\/index.php\/wp-json\/wp\/v2\/users\/2"}],"replies":[{"embeddable":true,"href":"https:\/\/stranijezici.ffzg.unizg.hr\/index.php\/wp-json\/wp\/v2\/comments?post=1027"}],"version-history":[{"count":7,"href":"https:\/\/stranijezici.ffzg.unizg.hr\/index.php\/wp-json\/wp\/v2\/pages\/1027\/revisions"}],"predecessor-version":[{"id":1030,"href":"https:\/\/stranijezici.ffzg.unizg.hr\/index.php\/wp-json\/wp\/v2\/pages\/1027\/revisions\/1030"}],"wp:attachment":[{"href":"https:\/\/stranijezici.ffzg.unizg.hr\/index.php\/wp-json\/wp\/v2\/media?parent=1027"}],"curies":[{"name":"wp","href":"https:\/\/api.w.org\/{rel}","templated":true}]}}